{"id":858,"date":"2025-10-18T14:44:02","date_gmt":"2025-10-18T14:44:02","guid":{"rendered":"https:\/\/schmidt-augenarzt.de\/?page_id=858"},"modified":"2025-11-14T07:51:59","modified_gmt":"2025-11-14T07:51:59","slug":"augenarzt-schmidt-datenschutzerklarung","status":"publish","type":"page","link":"https:\/\/schmidt-augenarzt.de\/en\/augenarzt-schmidt-datenschutzerklarung\/","title":{"rendered":"Augenarzt Schmidt &#8211; Datenschutzerkl\u00e4rung"},"content":{"rendered":"\t\t<div data-elementor-type=\"wp-page\" data-elementor-id=\"858\" class=\"elementor elementor-858\" data-elementor-post-type=\"page\">\n\t\t\t\t<div class=\"elementor-element elementor-element-3dc04525 e-flex e-con-boxed e-con e-parent\" data-id=\"3dc04525\" data-element_type=\"container\" data-e-type=\"container\" id=\"standort\" data-settings=\"{&quot;background_background&quot;:&quot;classic&quot;}\">\n\t\t\t\t\t<div class=\"e-con-inner\">\n\t\t<div class=\"elementor-element elementor-element-72b4de4 e-con-full e-flex e-con e-child\" data-id=\"72b4de4\" data-element_type=\"container\" data-e-type=\"container\">\n\t\t\t\t<div class=\"elementor-element elementor-element-4dd1fb14 elementor-widget elementor-widget-heading\" data-id=\"4dd1fb14\" data-element_type=\"widget\" data-e-type=\"widget\" data-widget_type=\"heading.default\">\n\t\t\t\t\t<div class=\"elementor-heading-title elementor-size-default\">Augenarzt Frankfurt: NETZHAUT, MAKULATHERAPIE, LASER-MEDIZIN, VORSORGE &amp; Mehr<\/div>\t\t\t\t<\/div>\n\t\t\t\t<div class=\"elementor-element elementor-element-4661c3d8 animated-slow elementor-invisible elementor-widget elementor-widget-heading\" data-id=\"4661c3d8\" data-element_type=\"widget\" data-e-type=\"widget\" data-settings=\"{&quot;_animation&quot;:&quot;fadeInUp&quot;}\" data-widget_type=\"heading.default\">\n\t\t\t\t\t<h3 class=\"elementor-heading-title elementor-size-default\">Augenarzt Schmidt - Datenschutzerkl\u00e4rung<\/h3>\t\t\t\t<\/div>\n\t\t\t\t<div class=\"elementor-element elementor-element-21924ac0 elementor-widget elementor-widget-text-editor\" data-id=\"21924ac0\" data-element_type=\"widget\" data-e-type=\"widget\" data-widget_type=\"text-editor.default\">\n\t\t\t\t\t\t\t\t\t<p><strong>1. Datenschutz auf einen Blick<br><\/strong><b>Allgemeine Hinweise<\/b> Die folgenden Hinweise geben einen einfachen \u00dcberblick dar\u00fcber, was mit Ihren personenbezogenen Daten passiert, wenn Sie diese Website besuchen. Personenbezogene Daten sind alle Daten, mit denen Sie pers\u00f6nlich identifiziert werden k\u00f6nnen. Ausf\u00fchrliche Informationen zum Thema Datenschutz entnehmen Sie unserer unter diesem Text aufgef\u00fchrten Datenschutzerkl\u00e4rung.<\/p>\n<p><b>Datenerfassung auf dieser Website<\/b> <b>Wer ist verantwortlich f\u00fcr die Datenerfassung auf dieser Website?<\/b> Die Datenverarbeitung auf dieser Website erfolgt durch die Websitebetreiberin. Dessen Kontaktdaten k\u00f6nnen Sie dem Abschnitt \u201eHinweis zur Verantwortlichen Stelle\u201c in dieser Datenschutzerkl\u00e4rung sowie dem Impressum dieser Website entnehmen.<\/p>\n<p><b>Wie erfassen wir Ihre Daten?<\/b> Ihre Daten werden zum einen dadurch erhoben, dass Sie uns diese mitteilen. Hierbei kann es sich z. B. um Daten handeln, die Sie uns per E-Mail senden.<\/p>\n<p>Andere Daten werden automatisch oder nach Ihrer Einwilligung beim Besuch der Website durch unsere IT-Systeme erfasst. Das sind vor allem technische Daten (z. B. Internetbrowser, Betriebssystem <span class=\"citation-473 citation-end-473\">oder Uhrzeit des Seitenaufrufs). Die Erfassung dieser Daten erfolgt automatisch, sobald Sie diese Website betreten.<\/span><\/p>\n<p><b><span class=\"citation-472 citation-end-472\">Wof\u00fcr nutzen wir Ihre Daten?<\/span><\/b> <span class=\"citation-471 citation-end-471\">Ein Teil der Daten wird erhoben, um eine fehlerfreie Bereitstellung der Website zu<\/span> gew\u00e4hrleisten.<\/p>\n<p><b>Welche Rechte haben Sie bez\u00fcglich Ihrer Daten?<\/b> Sie haben jederzeit das Recht, unentgeltlich Auskunft \u00fcber Herkunft, Empf\u00e4nger und Zweck Ihrer gespeicherten personenbezogenen Daten zu erhalten. Sie haben au\u00dferdem ein Recht, die Berichtigung oder L\u00f6schung dieser Daten zu verlangen. Wenn Sie eine Einwilligung zur Datenverarbeitung erteilt haben, k\u00f6nnen Sie diese Einwilligung jederzeit f\u00fcr die Zukunft widerrufen. Au\u00dferdem haben Sie das Recht, unter bestimmten Umst\u00e4nden die Einschr\u00e4nkung der Verarbeitung Ihrer personenbezogenen Daten zu verlangen. Des Weiteren steht Ihnen ein Beschwerderecht bei der zust\u00e4ndigen Aufsichtsbeh\u00f6rde zu.<\/p>\n<p>Hierzu sowie zu weiteren Fragen zum Thema Datenschutz k\u00f6nnen Sie sich jederzeit an uns wenden.<\/p>\n<p><strong><br>2. Allgemeine Hinweise und Pflicht\u00adinformationen<\/strong><\/p>\n<p><b>Datenschutz<\/b> <br>Die Betreiber dieser Seiten nehmen den Schutz Ihrer pers\u00f6nlichen Daten sehr ernst. Wir behandeln Ihre personenbezogenen Daten vertraulich und entsprechend der gesetzlichen Datenschutzvorschriften (insb. Datenschutz-Grundverordnung \u2013 DSGVO, Bundesdatenschutzgesetz \u2013 BDSG) sowie dieser Datenschutzerkl\u00e4rung.<\/p>\n<p>Wenn Sie diese Website benutzen, werden verschiedene personenbezogene Daten erhoben. Diese Datenschutzerkl\u00e4rung erl\u00e4utert, welche Daten wir erheben und wof\u00fcr wir sie nutzen. Sie erl\u00e4utert auch, wie und zu welchem Zweck das geschieht.<\/p>\n<p>Wir weisen darauf hin, dass die Daten\u00fcbertragung im Internet (z. B. bei der Kommunikation per E-Mail) Sicherheitsl\u00fccken aufweisen kann. Ein l\u00fcckenloser Schutz der Daten vor dem Zugriff durch Dritte ist nicht m\u00f6glich.<\/p>\n<p><b>Hinweis zur verantwortlichen Stelle<\/b> <br>Die verantwortliche Stelle f\u00fcr die Datenverarbeitung auf dieser Website ist:<\/p>\n<p>Dr. med. Mareen Schmidt Gr\u00fcneburgweg 95 60323 Frankfurt am Main<\/p>\n<p>Telefon: 069-663897030 E-Mail: info@schmidt-augenarzt.de<\/p>\n<p>Verantwortliche Stelle ist die nat\u00fcrliche oder juristische Person, die allein oder gemeinsam mit anderen \u00fcber die Zwecke und Mittel der Verarbeitung von personenbezogenen Daten (z. B. Namen, E-Mail-Adressen o. \u00c4.) entscheidet.<\/p>\n<p>Alle anderen Cookies (z. B. f\u00fcr Analyse- oder Marketingzwecke) werden nur auf Grundlage Ihrer Einwilligung (Art. 6 Abs. 1 lit. a DSGVO und \u00a7 25 Abs. 1 DDG) gespeichert. Diese Einwilligung ist jederzeit widerrufbar.<\/p>\n<p>Sie k\u00f6nnen Ihren Browser so einstellen, dass Sie \u00fcber das Setzen von Cookies informiert werden und Cookies nur im Einzelfall erlauben, die Annahme von Cookies f\u00fcr bestimmte F\u00e4lle oder generell ausschlie\u00dfen sowie das automatische L\u00f6schen der Cookies beim Schlie\u00dfen des Browsers aktivieren. Bei der Deaktivierung von Cookies kann die Funktionalit\u00e4t dieser Website eingeschr\u00e4nkt sein.<\/p>\n<p>[<b>Hinweis:<\/b> Falls Sie ein Cookie-Consent-Tool verwenden, m\u00fcssen Sie hier die Details zu den verwendeten Cookies und die Art der Einwilligungseinholung beschreiben.]<\/p>\n<p><b>Kontaktaufnahme (E-Mail, Telefon)<\/b> Wenn Sie uns per E-Mail oder Telefon kontaktieren, wird Ihre Anfrage inklusive aller daraus hervorgehenden personenbezogenen Daten (Name, Anfrage, Kontaktdaten) zum Zwecke der Bearbeitung Ihres Anliegens bei uns gespeichert und verarbeitet.<\/p>\n<p>Die Verarbeitung dieser Daten erfolgt auf Grundlage von Art. 6 Abs. 1 lit. b DSGVO, sofern Ihre Anfrage mit der Erf\u00fcllung eines Vertrags zusammenh\u00e4ngt oder zur Durchf\u00fchrung vorvertraglicher Ma\u00dfnahmen erforderlich ist. In allen \u00fcbrigen F\u00e4llen beruht die Verarbeitung auf unserem berechtigten Interesse an der effektiven Bearbeitung der an uns gerichteten Anfragen (Art. 6 Abs. 1 lit. f DSGVO) oder auf Ihrer Einwilligung (Art. 6 Abs. 1 lit. a DSGVO), sofern diese abgefragt wurde.<\/p>\n<p>Die von Ihnen an uns \u00fcbermittelten Daten verbleiben bei uns, bis Sie uns zur L\u00f6schung auffordern, Ihre Einwilligung zur Speicherung widerrufen oder der Zweck f\u00fcr die Datenspeicherung entf\u00e4llt (z. B. nach abgeschlossener Bearbeitung Ihres Anliegens). Zwingende gesetzliche Bestimmungen \u2013 insbesondere gesetzliche Aufbewahrungsfristen (z.B. aus dem Handelsrecht oder der Abgabenordnung, bei Patientendaten aus dem Patientenrechtegesetz) \u2013 bleiben unber\u00fchrt.<\/p>\n<p>Wir weisen ausdr\u00fccklich darauf hin, dass die Kommunikation per E-Mail unsicher sein kann. Insbesondere bei der \u00dcbermittlung von Gesundheitsdaten bitten wir Sie, sicherere Kommunikationswege (Telefon, Post oder pers\u00f6nliches Gespr\u00e4ch) zu nutzen oder die Risiken einer unverschl\u00fcsselten E-Mail-Kommunikation in Kauf zu nehmen.<\/p>\n<p><strong>3. Social Media<\/strong><\/p>\n<p><b>Instagram<\/b> Wir unterhalten eine Pr\u00e4senz auf der Plattform Instagram (Anbieter: Meta Platforms Ireland Limited, 4 Grand Canal Square, Grand Canal Harbour, Dublin 2, Irland). Das Impressum dieser Website gilt auch f\u00fcr unseren Instagram-Auftritt.<\/p>\n<p>Wenn Sie unser Instagram-Profil besuchen, verarbeitet Meta als Betreiber der Plattform personenbezogene Daten von Ihnen. Dies geschieht auch, wenn Sie selbst keinen Account bei Instagram haben. Welche Daten dies im Einzelnen sind und wie Meta diese nutzt, entzieht sich unserer Kenntnis und unserem Einfluss. Meta nutzt diese Daten unter anderem zur Erstellung von Nutzungsprofilen und f\u00fcr Werbezwecke.<\/p>\n<p><b>Gemeinsame Verantwortlichkeit (Page Insights)<\/b> F\u00fcr bestimmte Verarbeitungsfunktionen, insbesondere die \u201eInsights\u201c-Funktion (Seiten-Statistiken), sind wir mit Meta Platforms Ireland Limited gemeinsam verantwortlich (Art. 26 DSGVO). Die Insights-Funktion stellt uns anonymisierte statistische Daten \u00fcber die Besucher unserer Seite zur Verf\u00fcgung (z. B. Alter, Geschlecht, Herkunft, Interaktionen).<\/p>\n<p>Wir haben mit Meta eine Vereinbarung \u00fcber die gemeinsame Verantwortlichkeit getroffen (Page Controller Addendum). Diese Vereinbarung legt fest, welche Datenverarbeitungsvorg\u00e4nge wir und welche Meta zu verantworten haben. Den wesentlichen Inhalt dieser Vereinbarung k\u00f6nnen Sie hier einsehen: <a class=\"ng-star-inserted\" href=\"https:\/\/www.facebook.com\/legal\/terms\/page_controller_addendum\" target=\"_blank\" rel=\"noopener\">https:\/\/www.facebook.com\/legal\/terms\/page_controller_addendum<\/a><\/p>\n<p>Gem\u00e4\u00df dieser Vereinbarung ist Meta f\u00fcr die Umsetzung der Betroffenenrechte (z.B. Auskunft, L\u00f6schung) prim\u00e4r verantwortlich. Sie k\u00f6nnen Ihre Rechte jedoch sowohl bei uns als auch bei Meta geltend machen.<\/p>\n<p><b>Rechtsgrundlage<\/b> Unser Auftritt auf Instagram dient der \u00d6ffentlichkeitsarbeit, der Bereitstellung von Informationen und der Kommunikation mit Patienten und Interessierten. Dies stellt ein berechtigtes Interesse im Sinne von Art. 6 Abs. 1 lit. f DSGVO dar.<\/p>\n<p><b>Daten\u00fcbermittlung in die USA<\/b> Meta Platforms Inc. hat seinen Hauptsitz in den USA. Es ist nicht auszuschlie\u00dfen, dass Daten in die USA (ein Drittland ohne angemessenes Datenschutzniveau) \u00fcbermittelt werden. Meta st\u00fctzt sich hierbei in der Regel auf die EU-Standardvertragsklauseln. Weitere Informationen zur Datenverarbeitung durch Meta finden Sie in der Datenrichtlinie von Instagram: <a class=\"ng-star-inserted\" href=\"https:\/\/help.instagram.com\/519522125107875\" target=\"_blank\" rel=\"noopener\">https:\/\/help.instagram.com\/519522125107875<\/a><\/p>\n<p><strong>4. \u00c4nderung dieser Datenschutzerkl\u00e4rung<\/strong><\/p>\n<p>Wir behalten uns vor, diese Datenschutzerkl\u00e4rung anzupassen, damit sie stets den aktuellen rechtlichen Anforderungen entspricht oder um \u00c4nderungen unserer Leistungen in der Datenschutzerkl\u00e4rung umzusetzen, z. B. bei der Einf\u00fchrung neuer Services. F\u00fcr Ihren erneuten Besuch gilt dann die neue Datenschutzerkl\u00e4rung.<\/p>\t\t\t\t\t\t\t\t<\/div>\n\t\t\t\t<\/div>\n\t\t\t\t\t<\/div>\n\t\t\t\t<\/div>\n\t\t\t\t<\/div>\n\t\t","protected":false},"excerpt":{"rendered":"<p>Augenarzt Frankfurt: NETZHAUT, MAKULATHERAPIE, LASER-MEDIZIN, VORSORGE &amp; Mehr Augenarzt Schmidt &#8211; Datenschutzerkl\u00e4rung 1. Datenschutz auf einen BlickAllgemeine Hinweise Die folgenden Hinweise geben einen einfachen \u00dcberblick dar\u00fcber, was mit Ihren personenbezogenen Daten passiert, wenn Sie diese Website besuchen. Personenbezogene Daten sind alle Daten, mit denen Sie pers\u00f6nlich identifiziert werden k\u00f6nnen. Ausf\u00fchrliche Informationen zum Thema Datenschutz entnehmen [&hellip;]<\/p>\n","protected":false},"author":2,"featured_media":2815,"parent":0,"menu_order":0,"comment_status":"closed","ping_status":"closed","template":"elementor_header_footer","meta":{"footnotes":""},"class_list":["post-858","page","type-page","status-publish","has-post-thumbnail","hentry"],"_links":{"self":[{"href":"https:\/\/schmidt-augenarzt.de\/en\/wp-json\/wp\/v2\/pages\/858","targetHints":{"allow":["GET"]}}],"collection":[{"href":"https:\/\/schmidt-augenarzt.de\/en\/wp-json\/wp\/v2\/pages"}],"about":[{"href":"https:\/\/schmidt-augenarzt.de\/en\/wp-json\/wp\/v2\/types\/page"}],"author":[{"embeddable":true,"href":"https:\/\/schmidt-augenarzt.de\/en\/wp-json\/wp\/v2\/users\/2"}],"replies":[{"embeddable":true,"href":"https:\/\/schmidt-augenarzt.de\/en\/wp-json\/wp\/v2\/comments?post=858"}],"version-history":[{"count":28,"href":"https:\/\/schmidt-augenarzt.de\/en\/wp-json\/wp\/v2\/pages\/858\/revisions"}],"predecessor-version":[{"id":3653,"href":"https:\/\/schmidt-augenarzt.de\/en\/wp-json\/wp\/v2\/pages\/858\/revisions\/3653"}],"wp:featuredmedia":[{"embeddable":true,"href":"https:\/\/schmidt-augenarzt.de\/en\/wp-json\/wp\/v2\/media\/2815"}],"wp:attachment":[{"href":"https:\/\/schmidt-augenarzt.de\/en\/wp-json\/wp\/v2\/media?parent=858"}],"curies":[{"name":"wp","href":"https:\/\/api.w.org\/{rel}","templated":true}]}}