{"id":911,"date":"2025-10-18T15:47:05","date_gmt":"2025-10-18T15:47:05","guid":{"rendered":"https:\/\/schmidt-augenarzt.de\/cookie-richtlinie\/"},"modified":"2025-10-18T15:47:05","modified_gmt":"2025-10-18T15:47:05","slug":"cookie-richtlinie","status":"publish","type":"page","link":"https:\/\/schmidt-augenarzt.de\/en\/cookie-richtlinie\/","title":{"rendered":"Cookie policy"},"content":{"rendered":"<p>With this cookie policy, we would like to explain what cookies and cookie-like technologies are, how we and other service provider use them on this website, what information they collect, for how long and for what purposes we use them.<\/p><h2>Table of contents<\/h2><ul><li><a href=\"#controller-of-the-website\">Controller of the website<\/a><\/li><li><a href=\"#diff-to-privacy-policy\">Addition to the privacy policy<\/a><\/li><li><a href=\"#cookie-technology\">What are cookies and similar technologies?<\/a><\/li><li><a href=\"#legal-basis\">What is the legal basis for setting\/reading cookies?<\/a><\/li><li><a href=\"#rights-of-visitor\">What rights does the website visitor have?<\/a><\/li><li><a href=\"#manage-cookies\">Wie verwalte ich Cookies in einem Browser?<\/a><\/li><li><a href=\"#types-of-cookies\">What types of cookies exist?<\/a><\/li><li><a href=\"#cookies-origin\">Who can set cookies on this website?<\/a><\/li><li><a href=\"#list-of-services\">Which cookies are used on this website?<\/a><\/li><\/ul><h2 id=\"controller-of-the-website\">Controller of the website<\/h2><ul><li><strong>Provider: <\/strong>Augenarzt Schmidt, Germany<\/li><li><strong>Email: <\/strong><a target=\"_blank\" href=\"mailto:getpalmtura@gmail.com\">getpalmtura@gmail.com<\/a><\/li><\/ul><h2 id=\"diff-to-privacy-policy\">Addition to the privacy policy<\/h2><p>This cookie policy is a supplement to this website's <a href=\"https:\/\/schmidt-augenarzt.de\/en\/privacy-policy\/\" target=\"_blank\">privacy policy<\/a>. The cookie policy specifies how a website uses cookies and what data it collects through them, while the privacy policy is a more comprehensive overview of all data processing activities on the website and beyond.<\/p><h2 id=\"cookie-technology\">What are cookies and similar technologies?<\/h2><p>Cookies are small pieces of information similar to text files that can be stored and read on the end device. They serve various purposes, including maintaining basic functionalities of the website, security and privacy, providing optional functions of the website, collecting statistic data on visitor flows and providing marketing systems. Practical examples of what can be stored in cookies are the storage of login status in user accounts, the content of shopping baskets in e-commerce platforms, or a user ID for tracking behavior on the website.<br \/><br \/>The information can technically be stored in various ways. The best-known examples of this are HTTP cookies and cookie-like technologies like local storage, session storage or IndexedDB. Each type of storage has different properties, which determine the technical handling, accessibility and controllers authorized to access the information. All these types of storage are usually summarized under the term \"cookies\" and are therefore called as such in this cookie policy.<\/p><h2 id=\"legal-basis\">What is the legal basis for setting\/reading cookies?<\/h2><p>Das Setzen und Auslesen von Cookies ist in der Europ\u00e4ischen Union (EU) und dem Europ\u00e4ischen Wirtschaftsraum (EWR) gem\u00e4\u00df Art. 5 (3) ePrivacy Directive and Recital 66 ePrivacy Directive nur dann zul\u00e4ssig, wenn ein Nutzer seine Einwilligung auf der Grundlage umfassender Informationen \u00fcber die Zwecke der Verarbeitung gegeben hat. Der Website-Betreiber kann auch Cookies setzen, wenn sie unbedingt notwendig sind, um dir als Nutzer den ausdr\u00fccklich angeforderten Service zur Verf\u00fcgung zu stellen, z. B. die grundlegenden Inhalte dieser Website oder andere unbedingt notwendige Cookies f\u00fcr grundlegende Funktionen der Website, die dir ohne deine Einwilligung angezeigt werden.<br \/><br \/>The setting and reading of cookies in Switzerland is in accordance with Art. 45c (b) FMG (Fernmeldegesetz) only permitted if a user has the option to object the processing of data on the basis of comprehensive information about the purposes of the processing. In exceptional cases, consent must be obtained for the processing of personal data in cookies in Switzerland.<\/p><h2 id=\"rights-of-visitor\">What rights does the website visitor have?<\/h2><p>Services und ihre Cookies k\u00f6nnen auf der Rechtsgrundlage deiner Einwilligung oder eines berechtigten Interesses gesetzt und gelesen werden. Als du diese Website zum ersten Mal besucht hast, wurdest du nach deiner Einwilligung gefragt und hattest die M\u00f6glichkeit, der Nutzung bestimmter Services zu widersprechen. Welche Rechtsgrundlage f\u00fcr welchen Service verwendet wird, haben wir in unserem Einwilligungsdialog erkl\u00e4rt.<br \/><br \/>Du hast das Recht, die Historie deiner Entscheidungen einzusehen, deine Datenschutzeinstellungen zu \u00e4ndern, der Nutzung von Services zu widersprechen und deine Einwilligung jederzeit zu widerrufen. Im Folgenden findest du M\u00f6glichkeiten, deine Rechte auszu\u00fcben:<br \/><ul><li><a  href=\"#consent-change\" role=\"button\" id=\"rcb-sc-link-change\" data-success-message=\"\" class=\"rcb-sc-link rcb-sc-link-change\">Change privacy settings<\/a><\/li><li><a  href=\"#consent-history\" role=\"button\" id=\"rcb-sc-link-history\" data-success-message=\"\" class=\"rcb-sc-link rcb-sc-link-history\">History of privacy settings<\/a><\/li><li><a  href=\"#consent-revoke\" role=\"button\" id=\"rcb-sc-link-revoke\" data-success-message=\"Du hast die Einwilligung f\u00fcr Services mit dessen Cookies und Verarbeitung personenbezogener Daten erfolgreich widerrufen. Die Seite wird jetzt neu geladen!\" class=\"rcb-sc-link rcb-sc-link-revoke\">Revoking consent<\/a><\/li><\/ul><\/p><h2 id=\"manage-cookies\">Wie verwalte ich Cookies in einem Browser?<\/h2><p><ul><li><strong>How to remove cookies in a browser:<\/strong> Um Cookies von deinem Ger\u00e4t zu entfernen, kannst du die Browserdaten in den Einstellungen deines Browsers l\u00f6schen. Dadurch werden alle Cookies von allen Websites, die du besucht hast, gel\u00f6scht, m\u00f6glicherweise auch die gespeicherten Anmeldedaten und Website-Einstellungen. In einigen Browsern kannst du nur die Cookies und \u00e4hnliche Daten l\u00f6schen, ohne den gesamten Browserverlauf zu l\u00f6schen.<\/li><li><strong>Wie du Cookies in einem Browser kontrollierst:<\/strong> Wenn du eine genauere Kontrolle \u00fcber die Cookies bestimmter Websites haben m\u00f6chtest, gehe zu den Datenschutz- und Cookie-Einstellungen in deinem Browser. Hier kannst du die Einstellungen f\u00fcr die Verwendung von Cookies auf einzelnen Websites anpassen.<\/li><li><strong>How to block cookies in a browser:<\/strong> Bei den meisten modernen Browsern kann man in den Einstellungen festlegen, dass keine Cookies auf deinem Ger\u00e4t gespeichert werden. Das Blockieren von Cookies kann jedoch dazu f\u00fchren, dass bestimmte Services und Funktionen nicht richtig funktionieren, z. B. die Anmeldung als Nutzer. F\u00fcr viele Browser gibt es auch Erweiterungen, die das Setzen von Cookies auf Websites blockieren k\u00f6nnen.<\/li><li><strong>How to manage cookies on this website:<\/strong> Um deine Pr\u00e4ferenzen in Bezug auf Cookies auf dieser Website anzupassen, kannst du deine Einstellungen jederzeit \u00e4ndern, indem du auf den Link im Abschnitt \u201eRechte des Website-Besuchers\u201c klickst.<\/li><\/li><\/ul><p>Weitere Informationen \u00fcber den Umgang mit Cookies findest du unter <a href=\"https:\/\/devowl.io\/de\/rcb\/cookie-handhabung\/\" target=\"_blank\" rel=\"noopener\">devowl.io\/rcb\/cookie-handling\/<\/a>.<\/p><\/p><h2 id=\"types-of-cookies\">What types of cookies exist?<\/h2><p><ul><li><strong>Essential cookies<\/strong> are indispensable for the basic functionality of a website and enable functions such as saving login information or access to secure areas of the site. These include, for example, security cookies, which can identify a bot that is not wanted on the website by storing an authentication key in a cookie.<\/li><li><strong>Functional cookies<\/strong> improve the user experience by storing information and preferences such as language settings or appearance settings of the website to provide personalized. This includes, for example, preference cookies that store the user's preferred video quality on a website.<\/li><li><strong>Statistics cookies<\/strong> sammeln Daten \u00fcber die Nutzung einer Website, um Erkenntnisse \u00fcber das Nutzerverhalten zu gewinnen und die Leistung der Website zu optimieren. Dazu geh\u00f6rt z. B. eine zuf\u00e4llig zugewiesene Nutzer-ID, mit der sich zuordnen l\u00e4sst, ob du eine Unterseite der Website besucht hast.<\/li><li><strong>Marketing cookies<\/strong> are used to track user behavior across different websites and to display personalized advertising based on the interests and surfing behavior of users. This includes, for example, advertising cookies that store an interaction with an advertisement on the website and pass it on to advertisers or a chat system for pre-sale questions and customer support.<\/li><\/li><\/ul><\/p><h2 id=\"cookies-origin\">Who can set cookies on this website?<\/h2><p>On this website, both the operator of the website and third-party services which are used on this website may set cookies and access its content. Who can access which cookies and their content differs between first-party and third-party cookies. First-party cookies are created by the visited website and can only be read by the website operator and integrated third-party services on this website. Third-party cookies are set by usually third-party services on other domains, can be read on all websites on which the service that controls the domain is embedded and, for example, used by advertising networks to track user behavior across different websites and offer personalized advertising.<\/p><h2 id=\"list-of-services\">Which cookies are used on this website?<\/h2><script type=\"application\/json\">{\"search\":{\"placeholder\":\"Search...\"},\"sort\":{\"sortAsc\":\"Sort column ascending\",\"sortDesc\":\"Sort column descending\"},\"pagination\":{\"previous\":\"Previous\",\"next\":\"Next\",\"navigate\":\"Page %1$d of %2$d\",\"page\":\"Page %d\",\"showing\":\"Showing\",\"of\":\"of\",\"to\":\"to\",\"results\":\"results\"},\"noRecordsFound\":\"No matching records found\"}<\/script><table  class=\"devowl-wp-react-cookie-banner-cookie-policy\"><thead><tr><th width=\"200px\" scope=\"col\">Category<\/th><th width=\"400px\" scope=\"col\">Technical cookie name<\/th><th width=\"400px\" scope=\"col\">Technical cookie host<\/th><th width=\"400px\" scope=\"col\">Service<\/th><th width=\"250px\" scope=\"col\">Duration<\/th><th width=\"200px\" scope=\"col\">Type<\/th><th width=\"550px\" scope=\"col\">Purpose<\/th><\/tr><\/thead><tbody><tr><td>Essential<\/td><td>real_cookie_banner*<\/td><td>.schmidt-augenarzt.de<\/td><td>Real Cookie Banner<\/td><td>365 days<\/td><td>HTTP Cookie<\/td><td>Eindeutiger Identifikator f\u00fcr die Einwilligung, aber nicht f\u00fcr den Website-Besucher. Revisionshash f\u00fcr die Einstellungen des Cookie-Banners (Texte, Farben, Funktionen, Servicegruppen, Dienste, Content Blocker usw.). IDs f\u00fcr eingewilligte Services und Service-Gruppen.<\/td><\/tr><tr><td>Essential<\/td><td>real_cookie_banner*-tcf<\/td><td>.schmidt-augenarzt.de<\/td><td>Real Cookie Banner<\/td><td>365 days<\/td><td>HTTP Cookie<\/td><td>Im Rahmen von TCF gesammelte Einwilligungen, die im TC-String-Format gespeichert werden, einschlie\u00dflich TCF-Vendoren, -Zwecke, -Sonderzwecke, -Funktionen und -Sonderfunktionen.<\/td><\/tr><tr><td>Essential<\/td><td>real_cookie_banner*-gcm<\/td><td>.schmidt-augenarzt.de<\/td><td>Real Cookie Banner<\/td><td>365 days<\/td><td>HTTP Cookie<\/td><td>Die im Google Consent Mode gesammelten Einwilligungen in die verschiedenen Einwilligungstypen (Zwecke) werden f\u00fcr alle mit dem Google Consent Mode kompatiblen Services gespeichert.<\/td><\/tr><tr><td>Essential<\/td><td>real_cookie_banner-test<\/td><td>.schmidt-augenarzt.de<\/td><td>Real Cookie Banner<\/td><td>365 days<\/td><td>HTTP Cookie<\/td><td>Cookie, der gesetzt wurde, um die Funktionalit\u00e4t von HTTP-Cookies zu testen. Wird sofort nach dem Test gel\u00f6scht.<\/td><\/tr><tr><td>Essential<\/td><td>real_cookie_banner*<\/td><td>https:\/\/schmidt-augenarzt.de<\/td><td>Real Cookie Banner<\/td><td>-<\/td><td>Local Storage<\/td><td>Eindeutiger Identifikator f\u00fcr die Einwilligung, aber nicht f\u00fcr den Website-Besucher. Revisionshash f\u00fcr die Einstellungen des Cookie-Banners (Texte, Farben, Funktionen, Service-Gruppen, Services, Content Blocker usw.). IDs f\u00fcr eingewilligte Services und Service-Gruppen. Wird nur solange gespeichert, bis die Einwilligung auf dem Website-Server dokumentiert ist.<\/td><\/tr><tr><td>Essential<\/td><td>real_cookie_banner*-tcf<\/td><td>https:\/\/schmidt-augenarzt.de<\/td><td>Real Cookie Banner<\/td><td>-<\/td><td>Local Storage<\/td><td>Im Rahmen von TCF gesammelte Einwilligungen werden im TC-String-Format gespeichert, einschlie\u00dflich TCF Vendoren, Zwecke, besondere Zwecke, Funktionen und besondere Funktionen. Wird nur solange gespeichert, bis die Einwilligung auf dem Website-Server dokumentiert ist.<\/td><\/tr><tr><td>Essential<\/td><td>real_cookie_banner*-gcm<\/td><td>https:\/\/schmidt-augenarzt.de<\/td><td>Real Cookie Banner<\/td><td>-<\/td><td>Local Storage<\/td><td>Im Rahmen des Google Consent Mode erfasste Einwilligungen werden f\u00fcr alle mit dem Google Consent Mode kompatiblen Services in Einwilligungstypen (Zwecke) gespeichert. Wird nur solange gespeichert, bis die Einwilligung auf dem Website-Server dokumentiert ist.<\/td><\/tr><tr><td>Essential<\/td><td>real_cookie_banner-consent-queue*<\/td><td>https:\/\/schmidt-augenarzt.de<\/td><td>Real Cookie Banner<\/td><td>-<\/td><td>Local Storage<\/td><td>Lokale Zwischenspeicherung (Caching) der Auswahl im Cookie-Banner, bis der Server die Einwilligung dokumentiert; Dokumentation periodisch oder bei Seitenwechseln versucht, wenn der Server nicht verf\u00fcgbar oder \u00fcberlastet ist.<\/td><\/tr><\/tbody><\/table><p>The cookie policy was last updated on April 3, 2026.<\/p>","protected":false},"excerpt":{"rendered":"","protected":false},"author":2,"featured_media":0,"parent":0,"menu_order":0,"comment_status":"closed","ping_status":"closed","template":"","meta":{"footnotes":""},"class_list":["post-911","page","type-page","status-publish","hentry"],"_links":{"self":[{"href":"https:\/\/schmidt-augenarzt.de\/en\/wp-json\/wp\/v2\/pages\/911","targetHints":{"allow":["GET"]}}],"collection":[{"href":"https:\/\/schmidt-augenarzt.de\/en\/wp-json\/wp\/v2\/pages"}],"about":[{"href":"https:\/\/schmidt-augenarzt.de\/en\/wp-json\/wp\/v2\/types\/page"}],"author":[{"embeddable":true,"href":"https:\/\/schmidt-augenarzt.de\/en\/wp-json\/wp\/v2\/users\/2"}],"replies":[{"embeddable":true,"href":"https:\/\/schmidt-augenarzt.de\/en\/wp-json\/wp\/v2\/comments?post=911"}],"version-history":[{"count":0,"href":"https:\/\/schmidt-augenarzt.de\/en\/wp-json\/wp\/v2\/pages\/911\/revisions"}],"wp:attachment":[{"href":"https:\/\/schmidt-augenarzt.de\/en\/wp-json\/wp\/v2\/media?parent=911"}],"curies":[{"name":"wp","href":"https:\/\/api.w.org\/{rel}","templated":true}]}}