{"id":911,"date":"2025-10-18T15:47:05","date_gmt":"2025-10-18T15:47:05","guid":{"rendered":"https:\/\/schmidt-augenarzt.de\/cookie-richtlinie\/"},"modified":"2025-10-18T15:47:05","modified_gmt":"2025-10-18T15:47:05","slug":"cookie-richtlinie","status":"publish","type":"page","link":"https:\/\/schmidt-augenarzt.de\/fr\/cookie-richtlinie\/","title":{"rendered":"Politique en mati\u00e8re de cookies"},"content":{"rendered":"<p>Avec cette politique en mati\u00e8re de cookies, nous souhaitons expliquer ce que sont les cookies et les technologies similaires aux cookies, comment nous et d'autres fournisseurs de services les utilisons sur ce site web, quelles informations ils collectent, pendant combien de temps et \u00e0 quelles fins nous les utilisons.<\/p><h2>Table des mati\u00e8res<\/h2><ul><li><a href=\"#controller-of-the-website\">Responsable de traitement du site web<\/a><\/li><li><a href=\"#diff-to-privacy-policy\">Ajout \u00e0 la politique de confidentialit\u00e9<\/a><\/li><li><a href=\"#cookie-technology\">Que sont les cookies et les technologies similaires ?<\/a><\/li><li><a href=\"#legal-basis\">Quelle est la base juridique permettant d'installer\/de lire des cookies ?<\/a><\/li><li><a href=\"#rights-of-visitor\">Quels sont les droits de l'utilisateur du site web ?<\/a><\/li><li><a href=\"#manage-cookies\">Wie verwalte ich Cookies in einem Browser?<\/a><\/li><li><a href=\"#types-of-cookies\">Quels sont les types de cookies existants ?<\/a><\/li><li><a href=\"#cookies-origin\">Qui peut installer des cookies sur ce site web ?<\/a><\/li><li><a href=\"#list-of-services\">Quels sont les cookies utilis\u00e9s sur ce site ?<\/a><\/li><\/ul><h2 id=\"controller-of-the-website\">Responsable de traitement du site web<\/h2><ul><li><strong>Fournisseur: <\/strong>Augenarzt Schmidt, Allemagne<\/li><li><strong>Courriel: <\/strong><a target=\"_blank\" href=\"mailto:getpalmtura@gmail.com\">getpalmtura@gmail.com<\/a><\/li><\/ul><h2 id=\"diff-to-privacy-policy\">Ajout \u00e0 la politique de confidentialit\u00e9<\/h2><p>La pr\u00e9sente politique en mati\u00e8re de cookies compl\u00e8te la politique de confidentialit\u00e9 de ce site web <a href=\"https:\/\/schmidt-augenarzt.de\/fr\/privacy-policy\/\" target=\"_blank\"><\/a>. La politique en mati\u00e8re de cookies pr\u00e9cise la mani\u00e8re dont un site web utilise les cookies et les donn\u00e9es qu'il collecte par ce biais, tandis que la politique de confidentialit\u00e9 est une vue d'ensemble plus compl\u00e8te de toutes les activit\u00e9s de traitement des donn\u00e9es sur le site web et au-del\u00e0.<\/p><h2 id=\"cookie-technology\">Que sont les cookies et les technologies similaires ?<\/h2><p>Les cookies sont de petits \u00e9l\u00e9ments d'information semblables \u00e0 des fichiers texte qui peuvent \u00eatre stock\u00e9s et lus sur l'appareil final. Ils ont diverses finalit\u00e9s, notamment le maintien des fonctionnalit\u00e9s de base du site web, la s\u00e9curit\u00e9 et la protection de la vie priv\u00e9e, la fourniture de fonctions optionnelles du site web, la collecte de donn\u00e9es statistiques sur les flux de visiteurs et la fourniture de syst\u00e8mes de marketing. Des exemples pratiques de ce qui peut \u00eatre stock\u00e9 dans les cookies sont le stockage du statut de connexion dans les comptes d'utilisateur, le contenu des paniers d'achat dans les plateformes de commerce \u00e9lectronique, ou un identifiant d'utilisateur pour suivre le comportement sur le site web.<br \/><br \/>Techniquement, les informations peuvent \u00eatre stock\u00e9es de diff\u00e9rentes mani\u00e8res. Les exemples les plus connus sont les cookies HTTP et les technologies similaires aux cookies, comme le stockage local, le stockage de session ou IndexedDB. Chaque type de stockage poss\u00e8de des propri\u00e9t\u00e9s diff\u00e9rentes, qui d\u00e9terminent le traitement technique, l'accessibilit\u00e9 et les contr\u00f4leurs autoris\u00e9s \u00e0 acc\u00e9der \u00e0 l'information. Tous ces types de stockage sont g\u00e9n\u00e9ralement r\u00e9sum\u00e9s sous le terme de \"cookies\" et sont donc d\u00e9sign\u00e9s comme tels dans la pr\u00e9sente politique en mati\u00e8re de cookies.<\/p><h2 id=\"legal-basis\">Quelle est la base juridique permettant d'installer\/de lire des cookies ?<\/h2><p>Das Setzen und Auslesen von Cookies ist in der Europ\u00e4ischen Union (EU) und dem Europ\u00e4ischen Wirtschaftsraum (EWR) gem\u00e4\u00df Article 82 de la loi informatique et libert\u00e9s (France) et Article 129 de la loi relative aux communications \u00e9lectroniques (Belgique) nur dann zul\u00e4ssig, wenn ein Nutzer seine Einwilligung auf der Grundlage umfassender Informationen \u00fcber die Zwecke der Verarbeitung gegeben hat. Der Website-Betreiber kann auch Cookies setzen, wenn sie unbedingt notwendig sind, um dir als Nutzer den ausdr\u00fccklich angeforderten Service zur Verf\u00fcgung zu stellen, z. B. die grundlegenden Inhalte dieser Website oder andere unbedingt notwendige Cookies f\u00fcr grundlegende Funktionen der Website, die dir ohne deine Einwilligung angezeigt werden.<br \/><br \/>En Suisse, l'installation et la lecture de cookies ne sont autoris\u00e9es, conform\u00e9ment \u00e0 l'article 45c point b) FMG (Fernmeldegesetz) que si l'utilisateur a la possibilit\u00e9 de s'opposer au traitement des donn\u00e9es sur la base d'une information compl\u00e8te sur les finalit\u00e9s du traitement. Dans des cas exceptionnels, le consentement doit \u00eatre obtenu pour le traitement des donn\u00e9es personnelles dans les cookies en Suisse.<\/p><h2 id=\"rights-of-visitor\">Quels sont les droits de l'utilisateur du site web ?<\/h2><p>Services und ihre Cookies k\u00f6nnen auf der Rechtsgrundlage deiner Einwilligung oder eines berechtigten Interesses gesetzt und gelesen werden. Als du diese Website zum ersten Mal besucht hast, wurdest du nach deiner Einwilligung gefragt und hattest die M\u00f6glichkeit, der Nutzung bestimmter Services zu widersprechen. Welche Rechtsgrundlage f\u00fcr welchen Service verwendet wird, haben wir in unserem Einwilligungsdialog erkl\u00e4rt.<br \/><br \/>Du hast das Recht, die Historie deiner Entscheidungen einzusehen, deine Datenschutzeinstellungen zu \u00e4ndern, der Nutzung von Services zu widersprechen und deine Einwilligung jederzeit zu widerrufen. Im Folgenden findest du M\u00f6glichkeiten, deine Rechte auszu\u00fcben:<br \/><ul><li><a  href=\"#consent-change\" role=\"button\" id=\"rcb-sc-link-change\" data-success-message=\"\" class=\"rcb-sc-link rcb-sc-link-change\">Modifier les param\u00e8tres de confidentialit\u00e9<\/a><\/li><li><a  href=\"#consent-history\" role=\"button\" id=\"rcb-sc-link-history\" data-success-message=\"\" class=\"rcb-sc-link rcb-sc-link-history\">Historique des param\u00e8tres de confidentialit\u00e9<\/a><\/li><li><a  href=\"#consent-revoke\" role=\"button\" id=\"rcb-sc-link-revoke\" data-success-message=\"Du hast die Einwilligung f\u00fcr Services mit dessen Cookies und Verarbeitung personenbezogener Daten erfolgreich widerrufen. Die Seite wird jetzt neu geladen!\" class=\"rcb-sc-link rcb-sc-link-revoke\">R\u00e9voquer les consentements<\/a><\/li><\/ul><\/p><h2 id=\"manage-cookies\">Wie verwalte ich Cookies in einem Browser?<\/h2><p><ul><li><strong>How to remove cookies in a browser:<\/strong> Um Cookies von deinem Ger\u00e4t zu entfernen, kannst du die Browserdaten in den Einstellungen deines Browsers l\u00f6schen. Dadurch werden alle Cookies von allen Websites, die du besucht hast, gel\u00f6scht, m\u00f6glicherweise auch die gespeicherten Anmeldedaten und Website-Einstellungen. In einigen Browsern kannst du nur die Cookies und \u00e4hnliche Daten l\u00f6schen, ohne den gesamten Browserverlauf zu l\u00f6schen.<\/li><li><strong>Wie du Cookies in einem Browser kontrollierst:<\/strong> Wenn du eine genauere Kontrolle \u00fcber die Cookies bestimmter Websites haben m\u00f6chtest, gehe zu den Datenschutz- und Cookie-Einstellungen in deinem Browser. Hier kannst du die Einstellungen f\u00fcr die Verwendung von Cookies auf einzelnen Websites anpassen.<\/li><li><strong>How to block cookies in a browser:<\/strong> Bei den meisten modernen Browsern kann man in den Einstellungen festlegen, dass keine Cookies auf deinem Ger\u00e4t gespeichert werden. Das Blockieren von Cookies kann jedoch dazu f\u00fchren, dass bestimmte Services und Funktionen nicht richtig funktionieren, z. B. die Anmeldung als Nutzer. F\u00fcr viele Browser gibt es auch Erweiterungen, die das Setzen von Cookies auf Websites blockieren k\u00f6nnen.<\/li><li><strong>How to manage cookies on this website:<\/strong> Um deine Pr\u00e4ferenzen in Bezug auf Cookies auf dieser Website anzupassen, kannst du deine Einstellungen jederzeit \u00e4ndern, indem du auf den Link im Abschnitt \u201eRechte des Website-Besuchers\u201c klickst.<\/li><\/li><\/ul><p>Weitere Informationen \u00fcber den Umgang mit Cookies findest du unter <a href=\"https:\/\/devowl.io\/de\/rcb\/cookie-handhabung\/\" target=\"_blank\" rel=\"noopener\">devowl.io\/rcb\/cookie-handling\/<\/a>.<\/p><\/p><h2 id=\"types-of-cookies\">Quels sont les types de cookies existants ?<\/h2><p><ul><li><strong>Essential cookies<\/strong> are indispensable for the basic functionality of a website and enable functions such as saving login information or access to secure areas of the site. These include, for example, security cookies, which can identify a bot that is not wanted on the website by storing an authentication key in a cookie.<\/li><li><strong>Functional cookies<\/strong> improve the user experience by storing information and preferences such as language settings or appearance settings of the website to provide personalized. This includes, for example, preference cookies that store the user's preferred video quality on a website.<\/li><li><strong>Statistics cookies<\/strong> sammeln Daten \u00fcber die Nutzung einer Website, um Erkenntnisse \u00fcber das Nutzerverhalten zu gewinnen und die Leistung der Website zu optimieren. Dazu geh\u00f6rt z. B. eine zuf\u00e4llig zugewiesene Nutzer-ID, mit der sich zuordnen l\u00e4sst, ob du eine Unterseite der Website besucht hast.<\/li><li><strong>Marketing cookies<\/strong> are used to track user behavior across different websites and to display personalized advertising based on the interests and surfing behavior of users. This includes, for example, advertising cookies that store an interaction with an advertisement on the website and pass it on to advertisers or a chat system for pre-sale questions and customer support.<\/li><\/li><\/ul><\/p><h2 id=\"cookies-origin\">Qui peut installer des cookies sur ce site web ?<\/h2><p>Sur ce site web, l'\u00e9diteur du site et les services tiers qui sont utilis\u00e9s sur ce site peuvent installer des cookies et acc\u00e9der \u00e0 leur contenu. L'acc\u00e8s aux cookies et \u00e0 leur contenu diff\u00e8re selon qu'il s'agit de cookies de premi\u00e8re partie ou de cookies de tierce partie. Les cookies de premi\u00e8re partie sont cr\u00e9\u00e9s par le site web visit\u00e9 et ne peuvent \u00eatre lus que par l'\u00e9diteur du site web et les services tiers int\u00e9gr\u00e9s sur ce site web. Les cookies de tierce partie sont cr\u00e9\u00e9s par des services g\u00e9n\u00e9ralement tiers sur d'autres domaines, peuvent \u00eatre lus sur tous les sites web sur lesquels le service qui contr\u00f4le le domaine est int\u00e9gr\u00e9 et, par exemple, sont utilis\u00e9s par les r\u00e9seaux publicitaires pour suivre le comportement de l'utilisateur sur diff\u00e9rents sites web et offrir une publicit\u00e9 personnalis\u00e9e.<\/p><h2 id=\"list-of-services\">Quels sont les cookies utilis\u00e9s sur ce site ?<\/h2><script type=\"application\/json\">{\"search\":{\"placeholder\":\"Rechercher ...\"},\"sort\":{\"sortAsc\":\"Trier les colonnes par ordre croissant\",\"sortDesc\":\"Trier les colonnes en ordre d\\u00e9croissant\"},\"pagination\":{\"previous\":\"Pr\\u00e9c\\u00e9dent\",\"next\":\"Suivant\",\"navigate\":\"Page %1$d sur %2$d\",\"page\":\"Page %d\",\"showing\":\"Afficher\",\"of\":\"de\",\"to\":\"\\u00e0\",\"results\":\"r\\u00e9sultats\"},\"noRecordsFound\":\"Aucun r\\u00e9sultat correspondant n'a \\u00e9t\\u00e9 trouv\\u00e9\"}<\/script><table  class=\"devowl-wp-react-cookie-banner-cookie-policy\"><thead><tr><th width=\"200px\" scope=\"col\">Cat\u00e9gorie<\/th><th width=\"400px\" scope=\"col\">Nom du cookie technique<\/th><th width=\"400px\" scope=\"col\">H\u00e9bergeur de cookies techniques<\/th><th width=\"400px\" scope=\"col\">Service<\/th><th width=\"250px\" scope=\"col\">Dur\u00e9e<\/th><th width=\"200px\" scope=\"col\">Type<\/th><th width=\"550px\" scope=\"col\">Finalit\u00e9s<\/th><\/tr><\/thead><tbody><tr><td>Essentiel<\/td><td>real_cookie_banner*<\/td><td>.schmidt-augenarzt.de<\/td><td>Banni\u00e8re Real Cookie<\/td><td>365 jours<\/td><td>HTTP Cookie<\/td><td>Eindeutiger Identifikator f\u00fcr die Einwilligung, aber nicht f\u00fcr den Website-Besucher. Revisionshash f\u00fcr die Einstellungen des Cookie-Banners (Texte, Farben, Funktionen, Servicegruppen, Dienste, Content Blocker usw.). IDs f\u00fcr eingewilligte Services und Service-Gruppen.<\/td><\/tr><tr><td>Essentiel<\/td><td>real_cookie_banner*-tcf<\/td><td>.schmidt-augenarzt.de<\/td><td>Banni\u00e8re Real Cookie<\/td><td>365 jours<\/td><td>HTTP Cookie<\/td><td>Im Rahmen von TCF gesammelte Einwilligungen, die im TC-String-Format gespeichert werden, einschlie\u00dflich TCF-Vendoren, -Zwecke, -Sonderzwecke, -Funktionen und -Sonderfunktionen.<\/td><\/tr><tr><td>Essentiel<\/td><td>real_cookie_banner*-gcm<\/td><td>.schmidt-augenarzt.de<\/td><td>Banni\u00e8re Real Cookie<\/td><td>365 jours<\/td><td>HTTP Cookie<\/td><td>Die im Google Consent Mode gesammelten Einwilligungen in die verschiedenen Einwilligungstypen (Zwecke) werden f\u00fcr alle mit dem Google Consent Mode kompatiblen Services gespeichert.<\/td><\/tr><tr><td>Essentiel<\/td><td>real_cookie_banner-test<\/td><td>.schmidt-augenarzt.de<\/td><td>Banni\u00e8re Real Cookie<\/td><td>365 jours<\/td><td>HTTP Cookie<\/td><td>Cookie, der gesetzt wurde, um die Funktionalit\u00e4t von HTTP-Cookies zu testen. Wird sofort nach dem Test gel\u00f6scht.<\/td><\/tr><tr><td>Essentiel<\/td><td>real_cookie_banner*<\/td><td>https:\/\/schmidt-augenarzt.de<\/td><td>Banni\u00e8re Real Cookie<\/td><td>-<\/td><td>Local Storage<\/td><td>Eindeutiger Identifikator f\u00fcr die Einwilligung, aber nicht f\u00fcr den Website-Besucher. Revisionshash f\u00fcr die Einstellungen des Cookie-Banners (Texte, Farben, Funktionen, Service-Gruppen, Services, Content Blocker usw.). IDs f\u00fcr eingewilligte Services und Service-Gruppen. Wird nur solange gespeichert, bis die Einwilligung auf dem Website-Server dokumentiert ist.<\/td><\/tr><tr><td>Essentiel<\/td><td>real_cookie_banner*-tcf<\/td><td>https:\/\/schmidt-augenarzt.de<\/td><td>Banni\u00e8re Real Cookie<\/td><td>-<\/td><td>Local Storage<\/td><td>Im Rahmen von TCF gesammelte Einwilligungen werden im TC-String-Format gespeichert, einschlie\u00dflich TCF Vendoren, Zwecke, besondere Zwecke, Funktionen und besondere Funktionen. Wird nur solange gespeichert, bis die Einwilligung auf dem Website-Server dokumentiert ist.<\/td><\/tr><tr><td>Essentiel<\/td><td>real_cookie_banner*-gcm<\/td><td>https:\/\/schmidt-augenarzt.de<\/td><td>Banni\u00e8re Real Cookie<\/td><td>-<\/td><td>Local Storage<\/td><td>Im Rahmen des Google Consent Mode erfasste Einwilligungen werden f\u00fcr alle mit dem Google Consent Mode kompatiblen Services in Einwilligungstypen (Zwecke) gespeichert. Wird nur solange gespeichert, bis die Einwilligung auf dem Website-Server dokumentiert ist.<\/td><\/tr><tr><td>Essentiel<\/td><td>real_cookie_banner-consent-queue*<\/td><td>https:\/\/schmidt-augenarzt.de<\/td><td>Banni\u00e8re Real Cookie<\/td><td>-<\/td><td>Local Storage<\/td><td>Lokale Zwischenspeicherung (Caching) der Auswahl im Cookie-Banner, bis der Server die Einwilligung dokumentiert; Dokumentation periodisch oder bei Seitenwechseln versucht, wenn der Server nicht verf\u00fcgbar oder \u00fcberlastet ist.<\/td><\/tr><\/tbody><\/table><p>La politique en mati\u00e8re de cookies a \u00e9t\u00e9 mise \u00e0 jour pour la derni\u00e8re fois le avril 3, 2026.<\/p>","protected":false},"excerpt":{"rendered":"","protected":false},"author":2,"featured_media":0,"parent":0,"menu_order":0,"comment_status":"closed","ping_status":"closed","template":"","meta":{"footnotes":""},"class_list":["post-911","page","type-page","status-publish","hentry"],"_links":{"self":[{"href":"https:\/\/schmidt-augenarzt.de\/fr\/wp-json\/wp\/v2\/pages\/911","targetHints":{"allow":["GET"]}}],"collection":[{"href":"https:\/\/schmidt-augenarzt.de\/fr\/wp-json\/wp\/v2\/pages"}],"about":[{"href":"https:\/\/schmidt-augenarzt.de\/fr\/wp-json\/wp\/v2\/types\/page"}],"author":[{"embeddable":true,"href":"https:\/\/schmidt-augenarzt.de\/fr\/wp-json\/wp\/v2\/users\/2"}],"replies":[{"embeddable":true,"href":"https:\/\/schmidt-augenarzt.de\/fr\/wp-json\/wp\/v2\/comments?post=911"}],"version-history":[{"count":0,"href":"https:\/\/schmidt-augenarzt.de\/fr\/wp-json\/wp\/v2\/pages\/911\/revisions"}],"wp:attachment":[{"href":"https:\/\/schmidt-augenarzt.de\/fr\/wp-json\/wp\/v2\/media?parent=911"}],"curies":[{"name":"wp","href":"https:\/\/api.w.org\/{rel}","templated":true}]}}