{"id":835,"date":"2025-10-18T14:27:30","date_gmt":"2025-10-18T14:27:30","guid":{"rendered":"https:\/\/schmidt-augenarzt.de\/?page_id=835"},"modified":"2025-11-14T07:51:50","modified_gmt":"2025-11-14T07:51:50","slug":"augenarzt-schmidt-impressum","status":"publish","type":"page","link":"https:\/\/schmidt-augenarzt.de\/he\/augenarzt-schmidt-impressum\/","title":{"rendered":"Augenarzt Schmidt &#8211; Impressum"},"content":{"rendered":"<div data-elementor-type=\"wp-page\" data-elementor-id=\"835\" class=\"elementor elementor-835\" data-elementor-post-type=\"page\">\n\t\t\t\t<div class=\"elementor-element elementor-element-3dc04525 e-flex e-con-boxed e-con e-parent\" data-id=\"3dc04525\" data-element_type=\"container\" data-e-type=\"container\" id=\"standort\" data-settings=\"{&quot;background_background&quot;:&quot;classic&quot;}\">\n\t\t\t\t\t<div class=\"e-con-inner\">\n\t\t<div class=\"elementor-element elementor-element-72b4de4 e-con-full e-flex e-con e-child\" data-id=\"72b4de4\" data-element_type=\"container\" data-e-type=\"container\">\n\t\t\t\t<div class=\"elementor-element elementor-element-4dd1fb14 elementor-widget elementor-widget-heading\" data-id=\"4dd1fb14\" data-element_type=\"widget\" data-e-type=\"widget\" data-widget_type=\"heading.default\">\n\t\t\t\t\t<div class=\"elementor-heading-title elementor-size-default\">\u05e8\u05d5\u05e4\u05d0 \u05e2\u05d9\u05e0\u05d9\u05d9\u05dd \u05d1\u05e4\u05e8\u05e0\u05e7\u05e4\u05d5\u05e8\u05d8: \u05e8\u05e9\u05ea\u05d9\u05ea, \u05d8\u05d9\u05e4\u05d5\u05dc \u05d1\u05de\u05e7\u05d5\u05dc\u05d4, \u05e8\u05e4\u05d5\u05d0\u05ea \u05dc\u05d9\u05d9\u05d6\u05e8, \u05d1\u05d3\u05d9\u05e7\u05d5\u05ea \u05de\u05e0\u05e2 \u05d5\u05e2\u05d5\u05d3<\/div>\t\t\t\t<\/div>\n\t\t\t\t<div class=\"elementor-element elementor-element-4661c3d8 animated-slow elementor-invisible elementor-widget elementor-widget-heading\" data-id=\"4661c3d8\" data-element_type=\"widget\" data-e-type=\"widget\" data-settings=\"{&quot;_animation&quot;:&quot;fadeInUp&quot;}\" data-widget_type=\"heading.default\">\n\t\t\t\t\t<h3 class=\"elementor-heading-title elementor-size-default\">\u05e8\u05d5\u05e4\u05d0 \u05e2\u05d9\u05e0\u05d9\u05d9\u05dd \u05e9\u05de\u05d9\u05d3\u05d8 - \u05e4\u05e8\u05d8\u05d9 \u05e4\u05e8\u05e1\u05d5\u05dd<\/h3>\t\t\t\t<\/div>\n\t\t\t\t<div class=\"elementor-element elementor-element-21924ac0 elementor-widget elementor-widget-text-editor\" data-id=\"21924ac0\" data-element_type=\"widget\" data-e-type=\"widget\" data-widget_type=\"text-editor.default\">\n\t\t\t\t\t\t\t\t\t<p><strong>\u05e4\u05e8\u05d8\u05d9\u05dd \u05d1\u05d4\u05ea\u05d0\u05dd \u05dc\u05e1\u05e2\u05d9\u05e3 5 \u05dc\u05d7\u05d5\u05e7 \u05d4\u05e9\u05d9\u05e8\u05d5\u05ea\u05d9\u05dd \u05d4\u05d3\u05d9\u05d2\u05d9\u05d8\u05dc\u05d9\u05d9\u05dd (DDG)<\/strong><\/p><p><b>\u05d3\"\u05e8 \u05dc\u05de\u05d3\u05e2 \u05d4\u05e8\u05e4\u05d5\u05d0\u05d4 \u05de\u05d0\u05e8\u05d9\u05df \u05e9\u05de\u05d9\u05d3\u05d8<br \/><\/b> \u05e8\u05d5\u05e4\u05d0\u05d4 \u05de\u05d5\u05de\u05d7\u05d9\u05ea \u05d1\u05e8\u05e4\u05d5\u05d0\u05ea \u05e2\u05d9\u05e0\u05d9\u05d9\u05dd | \u05de\u05e0\u05ea\u05d7\u05ea \u05e2\u05d9\u05e0\u05d9\u05d9\u05dd (BDOC) \u05de\u05e8\u05e4\u05d0\u05d4 \u05e4\u05e8\u05d8\u05d9\u05ea<\/p><p><b>\u05db\u05ea\u05d5\u05d1\u05ea \u05d4\u05de\u05e8\u05e4\u05d0\u05d4:<\/b> <br \/>\u05d1\u05de\u05e8\u05db\u05d6 \u05d4\u05e8\u05e4\u05d5\u05d0\u05d9 \u05d5\u05d9\u05dc\u05d4 \u05d5\u05d5\u05e1\u05d8\u05e0\u05d3, Gr\u00fcneburgweg 95, 60323 \u05e4\u05e8\u05e0\u05e7\u05e4\u05d5\u05e8\u05d8-\u05e2\u05dc-\u05de\u05d9\u05d9\u05df<\/p><p><b>\u05de\u05d9\u05d5\u05e6\u05d2 \u05e2\u05dc \u05d9\u05d3\u05d9:<\/b> <br \/>\u05d3\"\u05e8 \u05dc\u05de\u05d3\u05e2 \u05d4\u05e8\u05e4\u05d5\u05d0\u05d4 \u05de\u05d0\u05e8\u05d9\u05df \u05e9\u05de\u05d9\u05d3\u05d8<\/p><p><strong>\u05e6\u05d5\u05e8 \u05e7\u05e9\u05e8<br \/><\/strong>\u05d8\u05dc\u05e4\u05d5\u05df: 069-663897030 \u05d3\u05d5\u05d0\"\u05dc: info@schmidt-augenarzt.de \u05d0\u05ea\u05e8 \u05d0\u05d9\u05e0\u05d8\u05e8\u05e0\u05d8: Schmidt-Augenarzt.de<\/p><p>\u05ea\u05d5\u05d0\u05e8 \u05de\u05e7\u05e6\u05d5\u05e2\u05d9 \u05e8\u05e9\u05de\u05d9 \u05d5\u05d7\u05d1\u05e8\u05d5\u05ea \u05d1\u05dc\u05e9\u05db\u05d4<\/p><p>\u05ea\u05d5\u05d0\u05e8 \u05de\u05e7\u05e6\u05d5\u05e2\u05d9 \u05e8\u05e9\u05de\u05d9: \u05e8\u05d5\u05e4\u05d0\u05d4 \u05de\u05d5\u05de\u05d7\u05d9\u05ea \u05d1\u05e8\u05e4\u05d5\u05d0\u05ea \u05e2\u05d9\u05e0\u05d9\u05d9\u05dd (\u05d4\u05d5\u05e2\u05e0\u05e7 \u05d1\u05e8\u05e4\u05d5\u05d1\u05dc\u05d9\u05e7\u05d4 \u05d4\u05e4\u05d3\u05e8\u05dc\u05d9\u05ea \u05e9\u05dc \u05d2\u05e8\u05de\u05e0\u05d9\u05d4)<\/p><p><b>\u05dc\u05e9\u05db\u05ea \u05d4\u05e8\u05d5\u05e4\u05d0\u05d9\u05dd \u05d4\u05de\u05d5\u05e1\u05de\u05db\u05ea (\u05e8\u05e9\u05d5\u05ea \u05d4\u05e4\u05d9\u05e7\u05d5\u05d7):<br \/><\/b> \u05dc\u05e9\u05db\u05ea \u05d4\u05e8\u05d5\u05e4\u05d0\u05d9\u05dd \u05e9\u05dc \u05de\u05d3\u05d9\u05e0\u05ea \u05d4\u05e1\u05df Im Vogelsgesang 3 60488 \u05e4\u05e8\u05e0\u05e7\u05e4\u05d5\u05e8\u05d8 \u05d0\u05dd \u05de\u05d9\u05d9\u05df \u05d8\u05dc\u05e4\u05d5\u05df: 069 97672-0 \u05d3\u05d5\u05d0\"\u05dc: info@laekh.de \u05d0\u05ea\u05e8 \u05d0\u05d9\u05e0\u05d8\u05e8\u05e0\u05d8: <a class=\"ng-star-inserted\" href=\"https:\/\/www.laekh.de\" target=\"_blank\" rel=\"noopener\">https:\/\/www.laekh.de<\/a><\/p><p><strong>\u05ea\u05e7\u05e0\u05d5\u05ea \u05d1\u05ea\u05d7\u05d5\u05dd \u05d3\u05d9\u05e0\u05d9 \u05d4\u05de\u05e7\u05e6\u05d5\u05e2<\/strong><\/p><ul><li><p>\u05ea\u05e7\u05e0\u05d5\u05df \u05d4\u05de\u05e7\u05e6\u05d5\u05e2\u05d9 \u05dc\u05e8\u05d5\u05e4\u05d0\u05d9\u05dd \u05d1\u05d4\u05e1\u05df<\/p><\/li><li><p>\u05d7\u05d5\u05e7 \u05de\u05e7\u05e6\u05d5\u05e2\u05d5\u05ea \u05d4\u05e8\u05e4\u05d5\u05d0\u05d4 \u05e9\u05dc \u05de\u05d3\u05d9\u05e0\u05ea \u05d4\u05e1\u05df<\/p><\/li><\/ul><p>\u05d4\u05d4\u05d5\u05e8\u05d0\u05d5\u05ea \u05de\u05e4\u05d5\u05e8\u05d8\u05d5\u05ea \u05d1\u05d0\u05ea\u05e8 \u05d4\u05d0\u05d9\u05e0\u05d8\u05e8\u05e0\u05d8 \u05e9\u05dc \u05dc\u05e9\u05db\u05ea \u05d4\u05e8\u05d5\u05e4\u05d0\u05d9\u05dd \u05e9\u05dc \u05de\u05d3\u05d9\u05e0\u05ea \u05d4\u05e1\u05df: <a class=\"ng-star-inserted\" href=\"https:\/\/www.google.com\/search?q=https:\/\/www.laekh.de\/aerztinnen-und-aerzte\/rund-um-den-beruf\/recht\" target=\"_blank\" rel=\"noopener\">https:\/\/www.laekh.de\/aerztinnen-und-aerzte\/rund-um-den-beruf\/recht<\/a><\/p><p><strong>\u05de\u05e1\u05e4\u05e8 \u05d6\u05d9\u05d4\u05d5\u05d9 \u05de\u05e2\"\u05de<\/strong><\/p><p>\u05e2\u05dc \u05e4\u05d9 \u05e1\u05e2\u05d9\u05e3 4, \u05e1\u05e2\u05d9\u05e3 \u05e7\u05d8\u05df 14 \u05dc\u05d7\u05d5\u05e7 \u05de\u05e1 \u05e2\u05e8\u05da \u05de\u05d5\u05e1\u05e3 (UStG), \u05e4\u05e2\u05d9\u05dc\u05d5\u05d9\u05d5\u05ea \u05e8\u05e4\u05d5\u05d0\u05d9\u05d5\u05ea \u05e4\u05d8\u05d5\u05e8\u05d5\u05ea \u05de\u05de\u05e1 \u05e2\u05e8\u05da \u05de\u05d5\u05e1\u05e3.<\/p><p><strong>\u05d0\u05d7\u05e8\u05d0\u05d9 \u05dc\u05ea\u05d5\u05db\u05df \u05d1\u05d4\u05ea\u05d0\u05dd \u05dc\u05e1\u05e2\u05d9\u05e3 18, \u05e4\u05e1\u05e7\u05d4 2 \u05dc\u05d7\u05d5\u05e7 \u05d4\u05e4\u05d9\u05e7\u05d5\u05d7 \u05e2\u05dc \u05d4\u05ea\u05e7\u05e9\u05d5\u05e8\u05ea (MStV)<\/strong><\/p><p>\u05d3\"\u05e8 \u05dc\u05de\u05d3\u05d9\u05e6\u05d9\u05e0\u05d4 \u05de\u05d0\u05e8\u05d9\u05df \u05e9\u05de\u05d9\u05d3\u05d8, Gr\u00fcneburgweg 95, 60323 \u05e4\u05e8\u05e0\u05e7\u05e4\u05d5\u05e8\u05d8-\u05e2\u05dc-\u05de\u05d9\u05d9\u05df<\/p><p><strong>\u05e8\u05e9\u05ea\u05d5\u05ea \u05d7\u05d1\u05e8\u05ea\u05d9\u05d5\u05ea<\/strong><\/p><p>\u05d4\u05e6\u05d4\u05e8\u05ea \u05d6\u05db\u05d5\u05d9\u05d5\u05ea \u05d4\u05d9\u05d5\u05e6\u05e8\u05d9\u05dd \u05d4\u05d6\u05d5 \u05d7\u05dc\u05d4 \u05d2\u05dd \u05e2\u05dc \u05d4\u05e4\u05e8\u05d5\u05e4\u05d9\u05dc \u05e9\u05dc\u05e0\u05d5 \u05d1\u05e8\u05e9\u05ea \u05d4\u05d7\u05d1\u05e8\u05ea\u05d9\u05ea \u05d4\u05d1\u05d0\u05d4: \u05d0\u05d9\u05e0\u05e1\u05d8\u05d2\u05e8\u05dd: <a class=\"ng-star-inserted\" href=\"https:\/\/www.instagram.com\/dr.mareen\/\" target=\"_blank\" rel=\"noopener\">https:\/\/www.instagram.com\/dr.mareen\/<\/a><\/p>\t\t\t\t\t\t\t\t<\/div>\n\t\t\t\t<\/div>\n\t\t\t\t\t<\/div>\n\t\t\t\t<\/div>\n\t\t\t\t<\/div>","protected":false},"excerpt":{"rendered":"<p>Augenarzt Frankfurt: NETZHAUT, MAKULATHERAPIE, LASER-MEDIZIN, VORSORGE &amp; Mehr Augenarzt Schmidt &#8211; Impressum Angaben gem\u00e4\u00df \u00a7 5 DDG (Digitale-Dienste-Gesetz) Dr. med. Mareen Schmidt Fach\u00e4rztin f\u00fcr Augenheilkunde | Ophthalmochirurgin (BDOC) Einzelpraxis Praxisanschrift: im Medizinisches Zentrum Villa Westend Gr\u00fcneburgweg 95 60323 Frankfurt am Main Vertreten durch: Dr. med. Mareen Schmidt KontaktTelefon: 069-663897030 E-Mail: info@schmidt-augenarzt.de Website: Schmidt-Augenarzt.de Gesetzliche Berufsbezeichnung [&hellip;]<\/p>\n","protected":false},"author":2,"featured_media":2864,"parent":0,"menu_order":0,"comment_status":"closed","ping_status":"closed","template":"elementor_header_footer","meta":{"footnotes":""},"class_list":["post-835","page","type-page","status-publish","has-post-thumbnail","hentry"],"_links":{"self":[{"href":"https:\/\/schmidt-augenarzt.de\/he\/wp-json\/wp\/v2\/pages\/835","targetHints":{"allow":["GET"]}}],"collection":[{"href":"https:\/\/schmidt-augenarzt.de\/he\/wp-json\/wp\/v2\/pages"}],"about":[{"href":"https:\/\/schmidt-augenarzt.de\/he\/wp-json\/wp\/v2\/types\/page"}],"author":[{"embeddable":true,"href":"https:\/\/schmidt-augenarzt.de\/he\/wp-json\/wp\/v2\/users\/2"}],"replies":[{"embeddable":true,"href":"https:\/\/schmidt-augenarzt.de\/he\/wp-json\/wp\/v2\/comments?post=835"}],"version-history":[{"count":24,"href":"https:\/\/schmidt-augenarzt.de\/he\/wp-json\/wp\/v2\/pages\/835\/revisions"}],"predecessor-version":[{"id":968,"href":"https:\/\/schmidt-augenarzt.de\/he\/wp-json\/wp\/v2\/pages\/835\/revisions\/968"}],"wp:featuredmedia":[{"embeddable":true,"href":"https:\/\/schmidt-augenarzt.de\/he\/wp-json\/wp\/v2\/media\/2864"}],"wp:attachment":[{"href":"https:\/\/schmidt-augenarzt.de\/he\/wp-json\/wp\/v2\/media?parent=835"}],"curies":[{"name":"wp","href":"https:\/\/api.w.org\/{rel}","templated":true}]}}