{"id":835,"date":"2025-10-18T14:27:30","date_gmt":"2025-10-18T14:27:30","guid":{"rendered":"https:\/\/schmidt-augenarzt.de\/?page_id=835"},"modified":"2025-11-14T07:51:50","modified_gmt":"2025-11-14T07:51:50","slug":"augenarzt-schmidt-impressum","status":"publish","type":"page","link":"https:\/\/schmidt-augenarzt.de\/ru\/augenarzt-schmidt-impressum\/","title":{"rendered":"Augenarzt Schmidt &#8211; Impressum"},"content":{"rendered":"<div data-elementor-type=\"wp-page\" data-elementor-id=\"835\" class=\"elementor elementor-835\" data-elementor-post-type=\"page\">\n\t\t\t\t<div class=\"elementor-element elementor-element-3dc04525 e-flex e-con-boxed e-con e-parent\" data-id=\"3dc04525\" data-element_type=\"container\" data-e-type=\"container\" id=\"standort\" data-settings=\"{&quot;background_background&quot;:&quot;classic&quot;}\">\n\t\t\t\t\t<div class=\"e-con-inner\">\n\t\t<div class=\"elementor-element elementor-element-72b4de4 e-con-full e-flex e-con e-child\" data-id=\"72b4de4\" data-element_type=\"container\" data-e-type=\"container\">\n\t\t\t\t<div class=\"elementor-element elementor-element-4dd1fb14 elementor-widget elementor-widget-heading\" data-id=\"4dd1fb14\" data-element_type=\"widget\" data-e-type=\"widget\" data-widget_type=\"heading.default\">\n\t\t\t\t\t<div class=\"elementor-heading-title elementor-size-default\">\u041e\u0444\u0442\u0430\u043b\u044c\u043c\u043e\u043b\u043e\u0433 \u0432\u043e \u0424\u0440\u0430\u043d\u043a\u0444\u0443\u0440\u0442\u0435: \u041d\u0415\u0422\u0416\u0410\u0412\u0422, \u041c\u0410\u041a\u0423\u041b\u0410\u0422\u0415\u0420\u0410\u041f\u0418\u042f, \u041b\u0410\u0417\u0415\u0420\u041d\u0410\u042f \u041c\u0415\u0414\u0418\u0426\u0418\u041d\u0410, \u041f\u0420\u041e\u0424\u0418\u041b\u0410\u041a\u0422\u0418\u041a\u0410 \u0438 \u043c\u043d\u043e\u0433\u043e\u0435 \u0434\u0440\u0443\u0433\u043e\u0435<\/div>\t\t\t\t<\/div>\n\t\t\t\t<div class=\"elementor-element elementor-element-4661c3d8 animated-slow elementor-invisible elementor-widget elementor-widget-heading\" data-id=\"4661c3d8\" data-element_type=\"widget\" data-e-type=\"widget\" data-settings=\"{&quot;_animation&quot;:&quot;fadeInUp&quot;}\" data-widget_type=\"heading.default\">\n\t\t\t\t\t<h3 class=\"elementor-heading-title elementor-size-default\">\u041e\u0444\u0442\u0430\u043b\u044c\u043c\u043e\u043b\u043e\u0433 \u0428\u043c\u0438\u0434\u0442 - \u0418\u043c\u043f\u0440\u0438\u043d\u0442<\/h3>\t\t\t\t<\/div>\n\t\t\t\t<div class=\"elementor-element elementor-element-21924ac0 elementor-widget elementor-widget-text-editor\" data-id=\"21924ac0\" data-element_type=\"widget\" data-e-type=\"widget\" data-widget_type=\"text-editor.default\">\n\t\t\t\t\t\t\t\t\t<p><strong>\u0418\u043d\u0444\u043e\u0440\u043c\u0430\u0446\u0438\u044f \u0432 \u0441\u043e\u043e\u0442\u0432\u0435\u0442\u0441\u0442\u0432\u0438\u0438 \u0441 \u00a7 5 DDG (\u0417\u0430\u043a\u043e\u043d \u043e \u0446\u0438\u0444\u0440\u043e\u0432\u044b\u0445 \u0443\u0441\u043b\u0443\u0433\u0430\u0445)<\/strong><\/p><p><b>\u0414\u043e\u043a\u0442\u043e\u0440 \u041c\u0430\u0440\u0438\u043d \u0428\u043c\u0438\u0434\u0442<br \/><\/b> \u0421\u043f\u0435\u0446\u0438\u0430\u043b\u0438\u0441\u0442 \u0432 \u043e\u0431\u043b\u0430\u0441\u0442\u0438 \u043e\u0444\u0442\u0430\u043b\u044c\u043c\u043e\u043b\u043e\u0433\u0438\u0438 | \u043e\u0444\u0442\u0430\u043b\u044c\u043c\u043e\u0445\u0438\u0440\u0443\u0440\u0433 (BDOC) \u0418\u043d\u0434\u0438\u0432\u0438\u0434\u0443\u0430\u043b\u044c\u043d\u0430\u044f \u043f\u0440\u0430\u043a\u0442\u0438\u043a\u0430<\/p><p><b>\u0410\u0434\u0440\u0435\u0441 \u043f\u0440\u0430\u043a\u0442\u0438\u043a\u0438:<\/b> <br \/>\u0432 \u043c\u0435\u0434\u0438\u0446\u0438\u043d\u0441\u043a\u043e\u043c \u0446\u0435\u043d\u0442\u0440\u0435 \"\u0412\u0438\u043b\u043b\u0430 \u0412\u0435\u0441\u0442\u0435\u043d\u0434\" \u0413\u0440\u044e\u043d\u0435\u0431\u0443\u0440\u0433\u0432\u0435\u0433 95 60323 \u0424\u0440\u0430\u043d\u043a\u0444\u0443\u0440\u0442-\u043d\u0430-\u041c\u0430\u0439\u043d\u0435<\/p><p><b>\u041f\u0440\u0435\u0434\u0441\u0442\u0430\u0432\u043b\u0435\u043d\u044b:<\/b> <br \/>\u0414\u043e\u043a\u0442\u043e\u0440 \u041c\u0430\u0440\u0438\u043d \u0428\u043c\u0438\u0434\u0442<\/p><p><strong>\u0421\u0432\u044f\u0436\u0438\u0442\u0435\u0441\u044c \u0441 \u043d\u0430\u043c\u0438<br \/><\/strong>\u0422\u0435\u043b\u0435\u0444\u043e\u043d: 069-663897030 E-mail: info@schmidt-augenarzt.de \u0421\u0430\u0439\u0442: Schmidt-Augenarzt.de<\/p><p>\u042e\u0440\u0438\u0434\u0438\u0447\u0435\u0441\u043a\u043e\u0435 \u043d\u0430\u0437\u0432\u0430\u043d\u0438\u0435 \u0434\u043e\u043b\u0436\u043d\u043e\u0441\u0442\u0438 \u0438 \u043f\u0440\u0438\u043d\u0430\u0434\u043b\u0435\u0436\u043d\u043e\u0441\u0442\u044c \u043a \u043f\u0430\u043b\u0430\u0442\u0435<\/p><p>\u041f\u0440\u043e\u0444\u0435\u0441\u0441\u0438\u043e\u043d\u0430\u043b\u044c\u043d\u043e\u0435 \u0437\u0432\u0430\u043d\u0438\u0435: \u0421\u043f\u0435\u0446\u0438\u0430\u043b\u0438\u0441\u0442 \u0432 \u043e\u0431\u043b\u0430\u0441\u0442\u0438 \u043e\u0444\u0442\u0430\u043b\u044c\u043c\u043e\u043b\u043e\u0433\u0438\u0438 (\u043f\u0440\u0438\u0441\u0432\u043e\u0435\u043d\u043e \u0432 \u0424\u0435\u0434\u0435\u0440\u0430\u0442\u0438\u0432\u043d\u043e\u0439 \u0420\u0435\u0441\u043f\u0443\u0431\u043b\u0438\u043a\u0435 \u0413\u0435\u0440\u043c\u0430\u043d\u0438\u044f)<\/p><p><b>\u041a\u043e\u043c\u043f\u0435\u0442\u0435\u043d\u0442\u043d\u0430\u044f \u043c\u0435\u0434\u0438\u0446\u0438\u043d\u0441\u043a\u0430\u044f \u0430\u0441\u0441\u043e\u0446\u0438\u0430\u0446\u0438\u044f (\u043d\u0430\u0434\u0437\u043e\u0440\u043d\u044b\u0439 \u043e\u0440\u0433\u0430\u043d):<br \/><\/b> Landes\u00e4rztekammer Hessen Im Vogelsgesang 3 60488 Frankfurt am Main \u0422\u0435\u043b\u0435\u0444\u043e\u043d: 069 97672-0 E-mail: info@laekh.de \u0412\u0435\u0431-\u0441\u0430\u0439\u0442: <a class=\"ng-star-inserted\" href=\"https:\/\/www.laekh.de\" target=\"_blank\" rel=\"noopener\">https:\/\/www.laekh.de<\/a><\/p><p><strong>\u041f\u0440\u043e\u0444\u0435\u0441\u0441\u0438\u043e\u043d\u0430\u043b\u044c\u043d\u044b\u0435 \u043f\u0440\u0430\u0432\u0438\u043b\u0430<\/strong><\/p><ul><li><p>\u041f\u0440\u043e\u0444\u0435\u0441\u0441\u0438\u043e\u043d\u0430\u043b\u044c\u043d\u044b\u0439 \u043a\u043e\u0434\u0435\u043a\u0441 \u043f\u043e\u0432\u0435\u0434\u0435\u043d\u0438\u044f \u0432\u0440\u0430\u0447\u0435\u0439 \u0432 \u0413\u0435\u0441\u0441\u0435\u043d\u0435<\/p><\/li><li><p>\u0413\u0435\u0441\u0441\u0435\u043d\u0441\u043a\u0438\u0439 \u0437\u0430\u043a\u043e\u043d \u043e \u043c\u0435\u0434\u0438\u0446\u0438\u043d\u0441\u043a\u0438\u0445 \u043f\u0440\u043e\u0444\u0435\u0441\u0441\u0438\u044f\u0445<\/p><\/li><\/ul><p>\u0421 \u043f\u0440\u0430\u0432\u0438\u043b\u0430\u043c\u0438 \u043c\u043e\u0436\u043d\u043e \u043e\u0437\u043d\u0430\u043a\u043e\u043c\u0438\u0442\u044c\u0441\u044f \u043d\u0430 \u0441\u0430\u0439\u0442\u0435 \u041c\u0435\u0434\u0438\u0446\u0438\u043d\u0441\u043a\u043e\u0439 \u0430\u0441\u0441\u043e\u0446\u0438\u0430\u0446\u0438\u0438 \u0413\u0435\u0441\u0441\u0435\u043d\u0430: <a class=\"ng-star-inserted\" href=\"https:\/\/www.google.com\/search?q=https:\/\/www.laekh.de\/aerztinnen-und-aerzte\/rund-um-den-beruf\/recht\" target=\"_blank\" rel=\"noopener\">https:\/\/www.laekh.de\/aerztinnen-und-aerzte\/rund-um-den-beruf\/recht<\/a><\/p><p><strong>\u0418\u0434\u0435\u043d\u0442\u0438\u0444\u0438\u043a\u0430\u0442\u043e\u0440 \u043d\u0430\u043b\u043e\u0433\u0430 \u0441 \u043f\u0440\u043e\u0434\u0430\u0436<\/strong><\/p><p>\u041c\u0435\u0434\u0438\u0446\u0438\u043d\u0441\u043a\u0430\u044f \u0434\u0435\u044f\u0442\u0435\u043b\u044c\u043d\u043e\u0441\u0442\u044c \u043e\u0441\u0432\u043e\u0431\u043e\u0436\u0434\u0430\u0435\u0442\u0441\u044f \u043e\u0442 \u041d\u0414\u0421 \u0432 \u0441\u043e\u043e\u0442\u0432\u0435\u0442\u0441\u0442\u0432\u0438\u0438 \u0441 \u00a7 4 \u2116 14 UStG.<\/p><p><strong>\u041e\u0442\u0432\u0435\u0442\u0441\u0442\u0432\u0435\u043d\u043d\u043e\u0441\u0442\u044c \u0437\u0430 \u0441\u043e\u0434\u0435\u0440\u0436\u0430\u043d\u0438\u0435 \u0432 \u0441\u043e\u043e\u0442\u0432\u0435\u0442\u0441\u0442\u0432\u0438\u0438 \u0441 \u00a7 18 \u0430\u0431\u0437. 2 MStV<\/strong><\/p><p>\u0414-\u0440 \u041c\u0430\u0440\u0438\u043d \u0428\u043c\u0438\u0434\u0442 \u0413\u0440\u044e\u043d\u0435\u0431\u0443\u0440\u0433\u0432\u0435\u0433 95 60323 \u0424\u0440\u0430\u043d\u043a\u0444\u0443\u0440\u0442-\u043d\u0430-\u041c\u0430\u0439\u043d\u0435<\/p><p><strong>\u0421\u043e\u0446\u0438\u0430\u043b\u044c\u043d\u044b\u0435 \u0441\u0435\u0442\u0438<\/strong><\/p><p>\u0414\u0430\u043d\u043d\u043e\u0435 \u0443\u0432\u0435\u0434\u043e\u043c\u043b\u0435\u043d\u0438\u0435 \u0442\u0430\u043a\u0436\u0435 \u043e\u0442\u043d\u043e\u0441\u0438\u0442\u0441\u044f \u043a \u0441\u043b\u0435\u0434\u0443\u044e\u0449\u0438\u043c \u043f\u0440\u043e\u0444\u0438\u043b\u044f\u043c \u0432 \u0441\u043e\u0446\u0438\u0430\u043b\u044c\u043d\u044b\u0445 \u0441\u0435\u0442\u044f\u0445: Instagram: <a class=\"ng-star-inserted\" href=\"https:\/\/www.instagram.com\/dr.mareen\/\" target=\"_blank\" rel=\"noopener\">https:\/\/www.instagram.com\/dr.mareen\/<\/a><\/p>\t\t\t\t\t\t\t\t<\/div>\n\t\t\t\t<\/div>\n\t\t\t\t\t<\/div>\n\t\t\t\t<\/div>\n\t\t\t\t<\/div>","protected":false},"excerpt":{"rendered":"<p>Augenarzt Frankfurt: NETZHAUT, MAKULATHERAPIE, LASER-MEDIZIN, VORSORGE &amp; Mehr Augenarzt Schmidt &#8211; Impressum Angaben gem\u00e4\u00df \u00a7 5 DDG (Digitale-Dienste-Gesetz) Dr. med. Mareen Schmidt Fach\u00e4rztin f\u00fcr Augenheilkunde | Ophthalmochirurgin (BDOC) Einzelpraxis Praxisanschrift: im Medizinisches Zentrum Villa Westend Gr\u00fcneburgweg 95 60323 Frankfurt am Main Vertreten durch: Dr. med. Mareen Schmidt KontaktTelefon: 069-663897030 E-Mail: info@schmidt-augenarzt.de Website: Schmidt-Augenarzt.de Gesetzliche Berufsbezeichnung [&hellip;]<\/p>\n","protected":false},"author":2,"featured_media":2864,"parent":0,"menu_order":0,"comment_status":"closed","ping_status":"closed","template":"elementor_header_footer","meta":{"footnotes":""},"class_list":["post-835","page","type-page","status-publish","has-post-thumbnail","hentry"],"_links":{"self":[{"href":"https:\/\/schmidt-augenarzt.de\/ru\/wp-json\/wp\/v2\/pages\/835","targetHints":{"allow":["GET"]}}],"collection":[{"href":"https:\/\/schmidt-augenarzt.de\/ru\/wp-json\/wp\/v2\/pages"}],"about":[{"href":"https:\/\/schmidt-augenarzt.de\/ru\/wp-json\/wp\/v2\/types\/page"}],"author":[{"embeddable":true,"href":"https:\/\/schmidt-augenarzt.de\/ru\/wp-json\/wp\/v2\/users\/2"}],"replies":[{"embeddable":true,"href":"https:\/\/schmidt-augenarzt.de\/ru\/wp-json\/wp\/v2\/comments?post=835"}],"version-history":[{"count":24,"href":"https:\/\/schmidt-augenarzt.de\/ru\/wp-json\/wp\/v2\/pages\/835\/revisions"}],"predecessor-version":[{"id":968,"href":"https:\/\/schmidt-augenarzt.de\/ru\/wp-json\/wp\/v2\/pages\/835\/revisions\/968"}],"wp:featuredmedia":[{"embeddable":true,"href":"https:\/\/schmidt-augenarzt.de\/ru\/wp-json\/wp\/v2\/media\/2864"}],"wp:attachment":[{"href":"https:\/\/schmidt-augenarzt.de\/ru\/wp-json\/wp\/v2\/media?parent=835"}],"curies":[{"name":"wp","href":"https:\/\/api.w.org\/{rel}","templated":true}]}}