{"id":835,"date":"2025-10-18T14:27:30","date_gmt":"2025-10-18T14:27:30","guid":{"rendered":"https:\/\/schmidt-augenarzt.de\/?page_id=835"},"modified":"2025-11-14T07:51:50","modified_gmt":"2025-11-14T07:51:50","slug":"augenarzt-schmidt-impressum","status":"publish","type":"page","link":"https:\/\/schmidt-augenarzt.de\/zh\/augenarzt-schmidt-impressum\/","title":{"rendered":"Augenarzt Schmidt &#8211; Impressum"},"content":{"rendered":"<div data-elementor-type=\"wp-page\" data-elementor-id=\"835\" class=\"elementor elementor-835\" data-elementor-post-type=\"page\">\n\t\t\t\t<div class=\"elementor-element elementor-element-3dc04525 e-flex e-con-boxed e-con e-parent\" data-id=\"3dc04525\" data-element_type=\"container\" data-e-type=\"container\" id=\"standort\" data-settings=\"{&quot;background_background&quot;:&quot;classic&quot;}\">\n\t\t\t\t\t<div class=\"e-con-inner\">\n\t\t<div class=\"elementor-element elementor-element-72b4de4 e-con-full e-flex e-con e-child\" data-id=\"72b4de4\" data-element_type=\"container\" data-e-type=\"container\">\n\t\t\t\t<div class=\"elementor-element elementor-element-4dd1fb14 elementor-widget elementor-widget-heading\" data-id=\"4dd1fb14\" data-element_type=\"widget\" data-e-type=\"widget\" data-widget_type=\"heading.default\">\n\t\t\t\t\t<div class=\"elementor-heading-title elementor-size-default\">\u6cd5\u5170\u514b\u798f\u773c\u79d1\u533b\u751f\uff1aNETZHAUT\u3001MACULATHERAPY\u3001LASER MEDICINE\u3001PREVENTION \u53ca\u5176\u4ed6<\/div>\t\t\t\t<\/div>\n\t\t\t\t<div class=\"elementor-element elementor-element-4661c3d8 animated-slow elementor-invisible elementor-widget elementor-widget-heading\" data-id=\"4661c3d8\" data-element_type=\"widget\" data-e-type=\"widget\" data-settings=\"{&quot;_animation&quot;:&quot;fadeInUp&quot;}\" data-widget_type=\"heading.default\">\n\t\t\t\t\t<h3 class=\"elementor-heading-title elementor-size-default\">Augenarzt Schmidt - Impressum<\/h3>\t\t\t\t<\/div>\n\t\t\t\t<div class=\"elementor-element elementor-element-21924ac0 elementor-widget elementor-widget-text-editor\" data-id=\"21924ac0\" data-element_type=\"widget\" data-e-type=\"widget\" data-widget_type=\"text-editor.default\">\n\t\t\t\t\t\t\t\t\t<p><strong>Angaben gem\u00e4\u00df \u00a7 5 DDG (Digitale-Dienste-Gesetz)<\/strong><\/p><p><b>\u9a6c\u4f26-\u65bd\u5bc6\u7279\u535a\u58eb<br \/><\/b> Fach\u00e4rztin f\u00fcr Augenheilkunde | Ophthalmochirurgin (BDOC) Einzelpraxis<\/p><p><b>Praxisanschrift:<\/b> <br \/>im Medizinisches Zentrum Villa Westend Gr\u00fcneburgweg 95 60323 Frankfurt am Main<\/p><p><b>Vertreten durch:<\/b> <br \/>\u9a6c\u4f26-\u65bd\u5bc6\u7279\u535a\u58eb<\/p><p><strong>\u8054\u7cfb\u6211\u4eec<br \/><\/strong>Telefon: 069-663897030 E-Mail: info@schmidt-augenarzt.de Website: Schmidt-Augenarzt.de<\/p><p>Gesetzliche Berufsbezeichnung und Kammerzugeh\u00f6rigkeit<\/p><p>Gesetzliche Berufsbezeichnung: Fach\u00e4rztin f\u00fcr Augenheilkunde (Verliehen in der Bundesrepublik Deutschland)<\/p><p><b>Zust\u00e4ndige \u00c4rztekammer (Aufsichtsbeh\u00f6rde):<br \/><\/b> Landes\u00e4rztekammer Hessen Im Vogelsgesang 3 60488 Frankfurt am Main Telefon: 069 97672-0 E-Mail: info@laekh.de Website: <a class=\"ng-star-inserted\" href=\"https:\/\/www.laekh.de\" target=\"_blank\" rel=\"noopener\">https:\/\/www.laekh.de<\/a><\/p><p><strong>Berufsrechtliche Regelungen<\/strong><\/p><ul><li><p>Berufsordnung f\u00fcr die \u00c4rztinnen und \u00c4rzte in Hessen<\/p><\/li><li><p>Hessisches Heilberufsgesetz<\/p><\/li><\/ul><p>Die Regelungen finden sich auf der Website der Landes\u00e4rztekammer Hessen: <a class=\"ng-star-inserted\" href=\"https:\/\/www.google.com\/search?q=https:\/\/www.laekh.de\/aerztinnen-und-aerzte\/rund-um-den-beruf\/recht\" target=\"_blank\" rel=\"noopener\">https:\/\/www.laekh.de\/aerztinnen-und-aerzte\/rund-um-den-beruf\/recht<\/a><\/p><p><strong>Umsatzsteuer-ID<\/strong><\/p><p>Heilkundliche T\u00e4tigkeiten sind gem\u00e4\u00df \u00a7 4 Nr. 14 UStG von der Umsatzsteuer befreit.<\/p><p><strong>Verantwortlich f\u00fcr den Inhalt nach \u00a7 18 Abs. 2 MStV<\/strong><\/p><p>Mareen Schmidt \u535a\u58eb Gr\u00fcneburgweg 95 \u7f8e\u56e0\u6cb3\u7554\u6cd5\u5170\u514b\u798f 60323<\/p><p><strong>Social Media<\/strong><\/p><p>Dieses Impressum gilt auch f\u00fcr unser folgendes Social-Media-Profil: Instagram: <a class=\"ng-star-inserted\" href=\"https:\/\/www.instagram.com\/dr.mareen\/\" target=\"_blank\" rel=\"noopener\">https:\/\/www.instagram.com\/dr.mareen\/<\/a><\/p>\t\t\t\t\t\t\t\t<\/div>\n\t\t\t\t<\/div>\n\t\t\t\t\t<\/div>\n\t\t\t\t<\/div>\n\t\t\t\t<\/div>","protected":false},"excerpt":{"rendered":"<p>Augenarzt Frankfurt: NETZHAUT, MAKULATHERAPIE, LASER-MEDIZIN, VORSORGE &amp; Mehr Augenarzt Schmidt &#8211; Impressum Angaben gem\u00e4\u00df \u00a7 5 DDG (Digitale-Dienste-Gesetz) Dr. med. Mareen Schmidt Fach\u00e4rztin f\u00fcr Augenheilkunde | Ophthalmochirurgin (BDOC) Einzelpraxis Praxisanschrift: im Medizinisches Zentrum Villa Westend Gr\u00fcneburgweg 95 60323 Frankfurt am Main Vertreten durch: Dr. med. Mareen Schmidt KontaktTelefon: 069-663897030 E-Mail: info@schmidt-augenarzt.de Website: Schmidt-Augenarzt.de Gesetzliche Berufsbezeichnung [&hellip;]<\/p>\n","protected":false},"author":2,"featured_media":2864,"parent":0,"menu_order":0,"comment_status":"closed","ping_status":"closed","template":"elementor_header_footer","meta":{"footnotes":""},"class_list":["post-835","page","type-page","status-publish","has-post-thumbnail","hentry"],"_links":{"self":[{"href":"https:\/\/schmidt-augenarzt.de\/zh\/wp-json\/wp\/v2\/pages\/835","targetHints":{"allow":["GET"]}}],"collection":[{"href":"https:\/\/schmidt-augenarzt.de\/zh\/wp-json\/wp\/v2\/pages"}],"about":[{"href":"https:\/\/schmidt-augenarzt.de\/zh\/wp-json\/wp\/v2\/types\/page"}],"author":[{"embeddable":true,"href":"https:\/\/schmidt-augenarzt.de\/zh\/wp-json\/wp\/v2\/users\/2"}],"replies":[{"embeddable":true,"href":"https:\/\/schmidt-augenarzt.de\/zh\/wp-json\/wp\/v2\/comments?post=835"}],"version-history":[{"count":24,"href":"https:\/\/schmidt-augenarzt.de\/zh\/wp-json\/wp\/v2\/pages\/835\/revisions"}],"predecessor-version":[{"id":968,"href":"https:\/\/schmidt-augenarzt.de\/zh\/wp-json\/wp\/v2\/pages\/835\/revisions\/968"}],"wp:featuredmedia":[{"embeddable":true,"href":"https:\/\/schmidt-augenarzt.de\/zh\/wp-json\/wp\/v2\/media\/2864"}],"wp:attachment":[{"href":"https:\/\/schmidt-augenarzt.de\/zh\/wp-json\/wp\/v2\/media?parent=835"}],"curies":[{"name":"wp","href":"https:\/\/api.w.org\/{rel}","templated":true}]}}