{"id":911,"date":"2025-10-18T15:47:05","date_gmt":"2025-10-18T15:47:05","guid":{"rendered":"https:\/\/schmidt-augenarzt.de\/cookie-richtlinie\/"},"modified":"2025-10-18T15:47:05","modified_gmt":"2025-10-18T15:47:05","slug":"cookie-richtlinie","status":"publish","type":"page","link":"https:\/\/schmidt-augenarzt.de\/zh\/cookie-richtlinie\/","title":{"rendered":"Cookie \u653f\u7b56"},"content":{"rendered":"<p>\u901a\u8fc7\u672c Cookie \u653f\u7b56\uff0c\u6211\u4eec\u5e0c\u671b\u89e3\u91ca\u4ec0\u4e48\u662f Cookie \u548c\u7c7b\u4f3c Cookie \u7684\u6280\u672f\uff0c\u6211\u4eec\u548c\u5176\u4ed6\u670d\u52a1\u63d0\u4f9b\u5546\u5982\u4f55\u5728\u672c\u7f51\u7ad9\u4e0a\u4f7f\u7528\u5b83\u4eec\uff0c\u5b83\u4eec\u6536\u96c6\u4ec0\u4e48\u4fe1\u606f\uff0c\u4f7f\u7528\u591a\u957f\u65f6\u95f4\u4ee5\u53ca\u6211\u4eec\u4f7f\u7528\u5b83\u4eec\u7684\u76ee\u7684\u662f\u4ec0\u4e48\u3002.<\/p><h2>\u76ee\u5f55<\/h2><ul><li><a href=\"#controller-of-the-website\">\u7f51\u7ad9\u8d1f\u8d23\u4eba<\/a><\/li><li><a href=\"#diff-to-privacy-policy\">\u6570\u636e\u4fdd\u62a4\u653f\u7b56\u8865\u5145<\/a><\/li><li><a href=\"#cookie-technology\">\u4ec0\u4e48\u662f cookie \u548c\u7c7b\u4f3c\u6280\u672f\uff1f<\/a><\/li><li><a href=\"#legal-basis\">\u8bbe\u7f6e\/\u8bfb\u53d6 cookie \u7684\u6cd5\u5f8b\u4f9d\u636e\u662f\u4ec0\u4e48\uff1f<\/a><\/li><li><a href=\"#rights-of-visitor\">\u7f51\u7ad9\u8bbf\u95ee\u8005\u4eab\u6709\u54ea\u4e9b\u6743\u5229\uff1f<\/a><\/li><li><a href=\"#manage-cookies\">\u5982\u4f55\u5728\u6d4f\u89c8\u5668\u4e2d\u7ba1\u7406 cookie\uff1f<\/a><\/li><li><a href=\"#types-of-cookies\">\u6709\u54ea\u4e9b\u7c7b\u578b\u7684 cookie\uff1f<\/a><\/li><li><a href=\"#cookies-origin\">\u8c01\u53ef\u4ee5\u5728\u672c\u7f51\u7ad9\u4e0a\u8bbe\u7f6e cookie\uff1f<\/a><\/li><li><a href=\"#list-of-services\">\u672c\u7f51\u7ad9\u4f7f\u7528\u54ea\u4e9b cookie\uff1f<\/a><\/li><\/ul><h2 id=\"controller-of-the-website\">\u7f51\u7ad9\u8d1f\u8d23\u4eba<\/h2><ul><li><strong>Provider: <\/strong>Augenarzt Schmidt, Germany<\/li><li><strong>Email: <\/strong><a target=\"_blank\" href=\"mailto:getpalmtura@gmail.com\">getpalmtura@gmail.com<\/a><\/li><\/ul><h2 id=\"diff-to-privacy-policy\">\u6570\u636e\u4fdd\u62a4\u653f\u7b56\u8865\u5145<\/h2><p>\u672cCookie\u653f\u7b56\u662f\u5bf9\u672c\u7f51\u7ad9{{PrivacyPolicy}}\u9690\u79c1\u653f\u7b56{{\/privacyPolicy}}\u7684\u8865\u5145\u3002Cookie \u653f\u7b56\u89c4\u5b9a\u4e86\u7f51\u7ad9\u5982\u4f55\u4f7f\u7528 Cookie \u4ee5\u53ca\u901a\u8fc7 Cookie \u6536\u96c6\u54ea\u4e9b\u6570\u636e\uff0c\u800c\u9690\u79c1\u653f\u7b56\u5219\u66f4\u5168\u9762\u5730\u6982\u8ff0\u4e86\u7f51\u7ad9\u5185\u5916\u7684\u6240\u6709\u6570\u636e\u5904\u7406\u6d3b\u52a8\u3002.<\/p><h2 id=\"cookie-technology\">\u4ec0\u4e48\u662f cookie \u548c\u7c7b\u4f3c\u6280\u672f\uff1f<\/h2><p>Cookie \u662f\u4e00\u79cd\u5c0f\u578b\u4fe1\u606f\u5355\u5143\uff0c\u7c7b\u4f3c\u4e8e\u6587\u672c\u6587\u4ef6\uff0c\u53ef\u5728\u7ec8\u7aef\u8bbe\u5907\u4e0a\u5b58\u50a8\u548c\u8bfb\u53d6\u3002\u5b83\u4eec\u6709\u591a\u79cd\u7528\u9014\uff0c\u5305\u62ec\u7ef4\u62a4\u7f51\u7ad9\u7684\u57fa\u672c\u529f\u80fd\u3001\u5b89\u5168\u548c\u6570\u636e\u4fdd\u62a4\u3001\u63d0\u4f9b\u53ef\u9009\u7684\u7f51\u7ad9\u529f\u80fd\u3001\u6536\u96c6\u8bbf\u95ee\u8005\u6d41\u91cf\u7684\u7edf\u8ba1\u6570\u636e\u4ee5\u53ca\u63d0\u4f9b\u8425\u9500\u7cfb\u7edf\u3002Cookie \u4e2d\u53ef\u5b58\u50a8\u7684\u5b9e\u9645\u4f8b\u5b50\u5305\u62ec\uff1a\u5b58\u50a8\u7528\u6237\u8d26\u6237\u7684\u767b\u5f55\u72b6\u6001\u3001\u7535\u5b50\u5546\u52a1\u5e73\u53f0\u8d2d\u7269\u7bee\u7684\u5185\u5bb9\u6216\u7528\u4e8e\u8ddf\u8e2a\u7f51\u7ad9\u884c\u4e3a\u7684\u7528\u6237 ID\u3002.<br \/><br \/>\u4ece\u6280\u672f\u4e0a\u8bb2\uff0c\u4fe1\u606f\u53ef\u4ee5\u901a\u8fc7\u5404\u79cd\u65b9\u5f0f\u5b58\u50a8\u3002\u6700\u8457\u540d\u7684\u4f8b\u5b50\u662f HTTP cookie \u548c\u7c7b\u4f3c cookie \u7684\u6280\u672f\uff0c\u5982\u672c\u5730\u5b58\u50a8\u3001\u4f1a\u8bdd\u5b58\u50a8\u6216 IndexedDB\u3002\u6bcf\u79cd\u5b58\u50a8\u65b9\u5f0f\u90fd\u6709\u4e0d\u540c\u7684\u7279\u70b9\uff0c\u8fd9\u4e9b\u7279\u70b9\u51b3\u5b9a\u4e86\u6280\u672f\u5904\u7406\u3001\u53ef\u8bbf\u95ee\u6027\u548c\u8d1f\u8d23\u8bbf\u95ee\u4fe1\u606f\u7684\u6388\u6743\u4eba\u5458\u3002\u6240\u6709\u8fd9\u4e9b\u7c7b\u578b\u7684\u5b58\u50a8\u4e00\u822c\u90fd\u5f52\u7eb3\u4e3a \u201ecookie\u201c\uff0c\u56e0\u6b64\u5728\u672c cookie \u653f\u7b56\u4e2d\u4e5f\u88ab\u79f0\u4e3a \"cookie\"\u3002.<\/p><h2 id=\"legal-basis\">\u8bbe\u7f6e\/\u8bfb\u53d6 cookie \u7684\u6cd5\u5f8b\u4f9d\u636e\u662f\u4ec0\u4e48\uff1f<\/h2><p>\u6839\u636e Art. 5 (3) ePrivacy Directive and Recital 66 ePrivacy Directive \u7684\u89c4\u5b9a\uff0c\u53ea\u6709\u5728\u6b27\u76df\uff08EU\uff09\u548c\u6b27\u6d32\u7ecf\u6d4e\u533a\uff08EEA\uff09\u7684\u7528\u6237\u6839\u636e\u6709\u5173\u5904\u7406\u76ee\u7684\u7684\u5168\u9762\u4fe1\u606f\u8868\u793a\u540c\u610f\u7684\u60c5\u51b5\u4e0b\uff0c\u624d\u5141\u8bb8\u8bbe\u7f6e\u548c\u8bfb\u53d6 cookies\u3002\u5982\u679c\u4e3a\u5411\u7528\u6237\u63d0\u4f9b\u660e\u786e\u8bf7\u6c42\u7684\u670d\u52a1\uff08\u4f8b\u5982\uff0c\u672c\u7f51\u7ad9\u7684\u57fa\u672c\u5185\u5bb9\u6216\u672a\u7ecf\u7528\u6237\u540c\u610f\u5411\u5176\u663e\u793a\u7684\u7f51\u7ad9\u57fa\u672c\u529f\u80fd\u6240\u9700\u7684\u5176\u4ed6\u4e25\u683c\u5fc5\u8981\u7684 cookie\uff09\u800c\u7edd\u5bf9\u5fc5\u8981\uff0c\u5219\u7f51\u7ad9\u8fd0\u8425\u5546\u4e5f\u53ef\u8bbe\u7f6e cookie\u3002.<br \/><br \/>\u5728\u745e\u58eb\uff0c\u53ea\u6709\u5728\u7528\u6237\u6709\u673a\u4f1a\u6839\u636e\u6709\u5173\u5904\u7406\u76ee\u7684\u7684\u5168\u9762\u4fe1\u606f\u53cd\u5bf9\u6570\u636e\u5904\u7406\u7684\u60c5\u51b5\u4e0b\uff0c\u624d\u5141\u8bb8\u6839\u636e\u300a\u7535\u4fe1\u6cd5\u300b\uff08TCA\uff09\u7b2c 45c \u6761 b \u6b3e\u8bbe\u7f6e\u548c\u8bfb\u53d6 cookie\u3002\u5728\u7279\u6b8a\u60c5\u51b5\u4e0b\uff0c\u5728\u745e\u58eb\u5904\u7406 cookie \u4e2d\u7684\u4e2a\u4eba\u6570\u636e\u5fc5\u987b\u5f81\u5f97\u540c\u610f\u3002.<\/p><h2 id=\"rights-of-visitor\">\u7f51\u7ad9\u8bbf\u95ee\u8005\u4eab\u6709\u54ea\u4e9b\u6743\u5229\uff1f<\/h2><p>\u53ef\u6839\u636e\u60a8\u7684\u540c\u610f\u6216\u5408\u6cd5\u6743\u76ca\u7684\u6cd5\u5f8b\u4f9d\u636e\u8bbe\u7f6e\u548c\u8bfb\u53d6\u670d\u52a1\u53ca\u5176 cookie\u3002\u5f53\u60a8\u7b2c\u4e00\u6b21\u8bbf\u95ee\u672c\u7f51\u7ad9\u65f6\uff0c\u6211\u4eec\u4f1a\u5f81\u6c42\u60a8\u7684\u540c\u610f\uff0c\u60a8\u4e5f\u6709\u673a\u4f1a\u53cd\u5bf9\u4f7f\u7528\u67d0\u4e9b\u670d\u52a1\u3002\u6211\u4eec\u5df2\u5728\u540c\u610f\u5bf9\u8bdd\u4e2d\u89e3\u91ca\u4e86\u54ea\u79cd\u6cd5\u5f8b\u4f9d\u636e\u7528\u4e8e\u54ea\u79cd\u670d\u52a1\u3002.<br \/><br \/>\u60a8\u6709\u6743\u968f\u65f6\u67e5\u770b\u60a8\u7684\u9009\u62e9\u5386\u53f2\u8bb0\u5f55\u3001\u66f4\u6539\u60a8\u7684\u9690\u79c1\u8bbe\u7f6e\u3001\u53cd\u5bf9\u4f7f\u7528\u670d\u52a1\u4ee5\u53ca\u64a4\u9500\u60a8\u7684\u540c\u610f\u3002\u4ee5\u4e0b\u662f\u60a8\u884c\u4f7f\u6743\u5229\u7684\u65b9\u5f0f\uff1a<br \/><ul><li><a  href=\"#consent-change\" role=\"button\" id=\"rcb-sc-link-change\" data-success-message=\"\" class=\"rcb-sc-link rcb-sc-link-change\">\u66f4\u6539\u9690\u79c1\u8bbe\u7f6e<\/a><\/li><li><a  href=\"#consent-history\" role=\"button\" id=\"rcb-sc-link-history\" data-success-message=\"\" class=\"rcb-sc-link rcb-sc-link-history\">\u9690\u79c1\u8bbe\u7f6e\u5386\u53f2\u8bb0\u5f55<\/a><\/li><li><a  href=\"#consent-revoke\" role=\"button\" id=\"rcb-sc-link-revoke\" data-success-message=\"\u60a8\u5df2\u6210\u529f\u64a4\u9500\u5bf9\u5e26\u6709 cookie \u7684\u670d\u52a1\u548c\u4e2a\u4eba\u6570\u636e\u5904\u7406\u7684\u540c\u610f\u3002\u73b0\u5728\u5c06\u91cd\u65b0\u52a0\u8f7d\u9875\u9762\uff01\" class=\"rcb-sc-link rcb-sc-link-revoke\">\u64a4\u9500\u540c\u610f<\/a><\/li><\/ul><\/p><h2 id=\"manage-cookies\">\u5982\u4f55\u5728\u6d4f\u89c8\u5668\u4e2d\u7ba1\u7406 cookie\uff1f<\/h2><p><ul><li><strong>\u5982\u4f55\u5728\u6d4f\u89c8\u5668\u4e2d\u5220\u9664 cookie\uff1a<\/strong> \u8981\u4ece\u8bbe\u5907\u4e0a\u5220\u9664 cookie\uff0c\u53ef\u4ee5\u5728\u6d4f\u89c8\u5668\u8bbe\u7f6e\u4e2d\u5220\u9664\u6d4f\u89c8\u5668\u6570\u636e\u3002\u8fd9\u5c06\u5220\u9664\u60a8\u8bbf\u95ee\u8fc7\u7684\u6240\u6709\u7f51\u7ad9\u7684\u6240\u6709 cookie\uff0c\u53ef\u80fd\u5305\u62ec\u4fdd\u5b58\u7684\u767b\u5f55\u6570\u636e\u548c\u7f51\u7ad9\u8bbe\u7f6e\u3002\u5728\u67d0\u4e9b\u6d4f\u89c8\u5668\u4e2d\uff0c\u53ea\u80fd\u5220\u9664 cookie \u548c\u7c7b\u4f3c\u6570\u636e\uff0c\u800c\u4e0d\u80fd\u5220\u9664\u6574\u4e2a\u6d4f\u89c8\u5386\u53f2\u8bb0\u5f55\u3002.<\/li><li><strong>\u5982\u4f55\u5728\u6d4f\u89c8\u5668\u4e2d\u63a7\u5236 cookie\uff1a<\/strong> \u5982\u679c\u60a8\u60f3\u66f4\u7cbe\u786e\u5730\u63a7\u5236\u67d0\u4e9b\u7f51\u7ad9\u7684 cookie\uff0c\u8bf7\u8fdb\u5165\u6d4f\u89c8\u5668\u7684\u9690\u79c1\u548c cookie \u8bbe\u7f6e\u3002\u5728\u8fd9\u91cc\uff0c\u60a8\u53ef\u4ee5\u8c03\u6574\u5404\u4e2a\u7f51\u7ad9 cookie \u7684\u4f7f\u7528\u8bbe\u7f6e\u3002.<\/li><li><strong>\u5982\u4f55\u5728\u6d4f\u89c8\u5668\u4e2d\u963b\u6b62 cookie\uff1a<\/strong> \u5bf9\u4e8e\u5927\u591a\u6570\u73b0\u4ee3\u6d4f\u89c8\u5668\uff0c\u60a8\u53ef\u4ee5\u5728\u8bbe\u7f6e\u4e2d\u6307\u5b9a\u4e0d\u5728\u8bbe\u5907\u4e0a\u5b58\u50a8 cookie\u3002\u4e0d\u8fc7\uff0c\u963b\u6b62 Cookie \u53ef\u80fd\u4f1a\u5bfc\u81f4\u67d0\u4e9b\u670d\u52a1\u548c\u529f\u80fd\u65e0\u6cd5\u6b63\u5e38\u5de5\u4f5c\uff0c\u4f8b\u5982\u65e0\u6cd5\u4ee5\u7528\u6237\u8eab\u4efd\u767b\u5f55\u3002\u8bb8\u591a\u6d4f\u89c8\u5668\u90fd\u6709\u6269\u5c55\u529f\u80fd\uff0c\u53ef\u4ee5\u963b\u6b62\u7f51\u7ad9\u8bbe\u7f6e cookie\u3002.<\/li><li><strong>\u5982\u4f55\u7ba1\u7406\u672c\u7f51\u7ad9\u7684 cookie\uff1a<\/strong> \u8981\u81ea\u5b9a\u4e49\u60a8\u5bf9\u672c\u7f51\u7ad9 cookie \u7684\u504f\u597d\uff0c\u60a8\u53ef\u4ee5\u968f\u65f6\u70b9\u51fb \u201e\u7f51\u7ad9\u8bbf\u95ee\u8005\u6743\u9650 \u201c\u90e8\u5206\u7684\u94fe\u63a5\u66f4\u6539\u60a8\u7684\u8bbe\u7f6e\u3002.<\/li><\/li><\/ul><p>\u6709\u5173 cookie \u5904\u7406\u7684\u66f4\u591a\u4fe1\u606f\uff0c\u8bf7\u8bbf\u95ee <a href=\"https:\/\/devowl.io\/de\/rcb\/cookie-handhabung\/\" target=\"_blank\" rel=\"noopener\">devowl.io\/en\/rcb\/cookie-handling\/<\/a>.<\/p><\/p><h2 id=\"types-of-cookies\">\u6709\u54ea\u4e9b\u7c7b\u578b\u7684 cookie\uff1f<\/h2><p><ul><li><strong>\u5fc5\u5907\u997c\u5e72<\/strong> \u8fd9\u4e9b cookie \u5bf9\u4e8e\u7f51\u7ad9\u7684\u57fa\u672c\u529f\u80fd\u81f3\u5173\u91cd\u8981\uff0c\u53ef\u5b9e\u73b0\u5b58\u50a8\u767b\u5f55\u4fe1\u606f\u6216\u8bbf\u95ee\u7f51\u7ad9\u5b89\u5168\u533a\u57df\u7b49\u529f\u80fd\u3002\u4f8b\u5982\uff0c\u5b89\u5168 cookie \u53ef\u4ee5\u901a\u8fc7\u5728 cookie \u4e2d\u5b58\u50a8\u9a8c\u8bc1\u5bc6\u94a5\u6765\u8bc6\u522b\u7f51\u7ad9\u4e0a\u4e0d\u53d7\u6b22\u8fce\u7684\u673a\u5668\u4eba\u3002.<\/li><li><strong>\u529f\u80fd\u6027 cookie<\/strong> \u901a\u8fc7\u5b58\u50a8\u8bed\u8a00\u8bbe\u7f6e\u6216\u7f51\u7ad9\u5916\u89c2\u8bbe\u7f6e\u7b49\u4fe1\u606f\u548c\u504f\u597d\u6765\u6539\u5584\u7528\u6237\u4f53\u9a8c\uff0c\u4ece\u800c\u5b9e\u73b0\u4e2a\u6027\u5316\u663e\u793a\u3002\u4f8b\u5982\uff0c\u8fd9\u5305\u62ec\u504f\u597d cookie\uff0c\u7528\u4e8e\u5b58\u50a8\u7528\u6237\u5728\u7f51\u7ad9\u4e0a\u504f\u597d\u7684\u89c6\u9891\u8d28\u91cf\u3002.<\/li><li><strong>\u7edf\u8ba1 cookie<\/strong> \u6536\u96c6\u6709\u5173\u7f51\u7ad9\u4f7f\u7528\u60c5\u51b5\u7684\u6570\u636e\uff0c\u4ee5\u4fbf\u6df1\u5165\u4e86\u89e3\u7528\u6237\u884c\u4e3a\uff0c\u4f18\u5316\u7f51\u7ad9\u6027\u80fd\u3002\u4f8b\u5982\uff0c\u8fd9\u5305\u62ec\u968f\u673a\u5206\u914d\u7684\u7528\u6237 ID\uff0c\u53ef\u7528\u4e8e\u786e\u5b9a\u60a8\u662f\u5426\u8bbf\u95ee\u8fc7\u7f51\u7ad9\u7684\u5b50\u9875\u9762\u3002.<\/li><li><strong>\u8425\u9500\u997c\u5e72<\/strong> \u7528\u4e8e\u8ddf\u8e2a\u7528\u6237\u5728\u4e0d\u540c\u7f51\u7ad9\u4e0a\u7684\u884c\u4e3a\uff0c\u5e76\u6839\u636e\u7528\u6237\u7684\u5174\u8da3\u548c\u6d4f\u89c8\u884c\u4e3a\u663e\u793a\u4e2a\u6027\u5316\u5e7f\u544a\u3002\u4f8b\u5982\uff0c\u5e7f\u544a Cookie \u53ef\u5b58\u50a8\u4e0e\u7f51\u7ad9\u5e7f\u544a\u7684\u4e92\u52a8\uff0c\u5e76\u5c06\u5176\u8f6c\u53d1\u7ed9\u5e7f\u544a\u5546\uff0c\u6216\u7528\u4e8e\u8d2d\u4e70\u524d\u95ee\u9898\u548c\u5ba2\u6237\u652f\u6301\u7684\u804a\u5929\u7cfb\u7edf\u3002.<\/li><\/li><\/ul><\/p><h2 id=\"cookies-origin\">\u8c01\u53ef\u4ee5\u5728\u672c\u7f51\u7ad9\u4e0a\u8bbe\u7f6e cookie\uff1f<\/h2><p>\u5728\u672c\u7f51\u7ad9\u4e0a\uff0c\u7f51\u7ad9\u8fd0\u8425\u5546\u548c\u672c\u7f51\u7ad9\u4f7f\u7528\u7684\u7b2c\u4e09\u65b9\u670d\u52a1\u5747\u53ef\u8bbe\u7f6e cookies \u5e76\u8bbf\u95ee\u5176\u5185\u5bb9\u3002\u5728\u8c01\u53ef\u4ee5\u8bbf\u95ee\u54ea\u4e9b cookie \u53ca\u5176\u5185\u5bb9\u65b9\u9762\uff0c\u7b2c\u4e00\u65b9 cookie \u548c\u7b2c\u4e09\u65b9 cookie \u6709\u6240\u533a\u522b\u3002\u7b2c\u4e00\u65b9 cookie \u7531\u6240\u8bbf\u95ee\u7684\u7f51\u7ad9\u521b\u5efa\uff0c\u53ea\u80fd\u7531\u7f51\u7ad9\u8fd0\u8425\u5546\u548c\u672c\u7f51\u7ad9\u4e0a\u96c6\u6210\u7684\u7b2c\u4e09\u65b9\u670d\u52a1\u8bfb\u53d6\u3002\u7b2c\u4e09\u65b9 cookie \u901a\u5e38\u7531\u5176\u4ed6\u57df\u4e0a\u7684\u7b2c\u4e09\u65b9\u670d\u52a1\u8bbe\u7f6e\uff0c\u53ef\u5728\u5d4c\u5165\u63a7\u5236\u8be5\u57df\u7684\u670d\u52a1\u7684\u6240\u6709\u7f51\u7ad9\u4e0a\u8bfb\u53d6\uff0c\u4f8b\u5982\uff0c\u5e7f\u544a\u7f51\u7edc\u7528\u4e8e\u8ddf\u8e2a\u4e0d\u540c\u7f51\u7ad9\u4e0a\u7684\u7528\u6237\u884c\u4e3a\u5e76\u63d0\u4f9b\u4e2a\u6027\u5316\u5e7f\u544a\u3002.<\/p><h2 id=\"list-of-services\">\u672c\u7f51\u7ad9\u4f7f\u7528\u54ea\u4e9b cookie\uff1f<\/h2><script type=\"application\/json\">{\"search\":{\"placeholder\":\"Search...\"},\"sort\":{\"sortAsc\":\"Sort column ascending\",\"sortDesc\":\"Sort column descending\"},\"pagination\":{\"previous\":\"Previous\",\"next\":\"Next\",\"navigate\":\"Page %1$d of %2$d\",\"page\":\"Page %d\",\"showing\":\"Showing\",\"of\":\"of\",\"to\":\"to\",\"results\":\"results\"},\"noRecordsFound\":\"No matching records found\"}<\/script><table  class=\"devowl-wp-react-cookie-banner-cookie-policy\"><thead><tr><th width=\"200px\" scope=\"col\">Category<\/th><th width=\"400px\" scope=\"col\">\u6280\u672f cookie \u540d\u79f0<\/th><th width=\"400px\" scope=\"col\">Technical cookie host<\/th><th width=\"400px\" scope=\"col\">Service<\/th><th width=\"250px\" scope=\"col\">\u6301\u7eed\u65f6\u95f4<\/th><th width=\"200px\" scope=\"col\">\u7c7b\u578b<\/th><th width=\"550px\" scope=\"col\">\u76ee\u7684<\/th><\/tr><\/thead><tbody><tr><td>\u5fc5\u8981<\/td><td>real_cookie_banner*<\/td><td>.schmidt-augenarzt.de<\/td><td>\u771f\u6b63\u7684\u997c\u5e72\u6a2a\u5e45<\/td><td>365 days<\/td><td>HTTP Cookie<\/td><td>Eindeutiger Identifikator f\u00fcr die Einwilligung, aber nicht f\u00fcr den Website-Besucher. Revisionshash f\u00fcr die Einstellungen des Cookie-Banners (Texte, Farben, Funktionen, Servicegruppen, Dienste, Content Blocker usw.). IDs f\u00fcr eingewilligte Services und Service-Gruppen.<\/td><\/tr><tr><td>\u5fc5\u8981<\/td><td>real_cookie_banner*-tcf<\/td><td>.schmidt-augenarzt.de<\/td><td>\u771f\u6b63\u7684\u997c\u5e72\u6a2a\u5e45<\/td><td>365 days<\/td><td>HTTP Cookie<\/td><td>Im Rahmen von TCF gesammelte Einwilligungen, die im TC-String-Format gespeichert werden, einschlie\u00dflich TCF-Vendoren, -Zwecke, -Sonderzwecke, -Funktionen und -Sonderfunktionen.<\/td><\/tr><tr><td>\u5fc5\u8981<\/td><td>real_cookie_banner*-gcm<\/td><td>.schmidt-augenarzt.de<\/td><td>\u771f\u6b63\u7684\u997c\u5e72\u6a2a\u5e45<\/td><td>365 days<\/td><td>HTTP Cookie<\/td><td>Die im Google Consent Mode gesammelten Einwilligungen in die verschiedenen Einwilligungstypen (Zwecke) werden f\u00fcr alle mit dem Google Consent Mode kompatiblen Services gespeichert.<\/td><\/tr><tr><td>\u5fc5\u8981<\/td><td>real_cookie_banner-test<\/td><td>.schmidt-augenarzt.de<\/td><td>\u771f\u6b63\u7684\u997c\u5e72\u6a2a\u5e45<\/td><td>365 days<\/td><td>HTTP Cookie<\/td><td>Cookie, der gesetzt wurde, um die Funktionalit\u00e4t von HTTP-Cookies zu testen. Wird sofort nach dem Test gel\u00f6scht.<\/td><\/tr><tr><td>\u5fc5\u8981<\/td><td>real_cookie_banner*<\/td><td>https:\/\/schmidt-augenarzt.de<\/td><td>\u771f\u6b63\u7684\u997c\u5e72\u6a2a\u5e45<\/td><td>-<\/td><td>Local Storage<\/td><td>Eindeutiger Identifikator f\u00fcr die Einwilligung, aber nicht f\u00fcr den Website-Besucher. Revisionshash f\u00fcr die Einstellungen des Cookie-Banners (Texte, Farben, Funktionen, Service-Gruppen, Services, Content Blocker usw.). IDs f\u00fcr eingewilligte Services und Service-Gruppen. Wird nur solange gespeichert, bis die Einwilligung auf dem Website-Server dokumentiert ist.<\/td><\/tr><tr><td>\u5fc5\u8981<\/td><td>real_cookie_banner*-tcf<\/td><td>https:\/\/schmidt-augenarzt.de<\/td><td>\u771f\u6b63\u7684\u997c\u5e72\u6a2a\u5e45<\/td><td>-<\/td><td>Local Storage<\/td><td>Im Rahmen von TCF gesammelte Einwilligungen werden im TC-String-Format gespeichert, einschlie\u00dflich TCF Vendoren, Zwecke, besondere Zwecke, Funktionen und besondere Funktionen. Wird nur solange gespeichert, bis die Einwilligung auf dem Website-Server dokumentiert ist.<\/td><\/tr><tr><td>\u5fc5\u8981<\/td><td>real_cookie_banner*-gcm<\/td><td>https:\/\/schmidt-augenarzt.de<\/td><td>\u771f\u6b63\u7684\u997c\u5e72\u6a2a\u5e45<\/td><td>-<\/td><td>Local Storage<\/td><td>Im Rahmen des Google Consent Mode erfasste Einwilligungen werden f\u00fcr alle mit dem Google Consent Mode kompatiblen Services in Einwilligungstypen (Zwecke) gespeichert. Wird nur solange gespeichert, bis die Einwilligung auf dem Website-Server dokumentiert ist.<\/td><\/tr><tr><td>\u5fc5\u8981<\/td><td>real_cookie_banner-consent-queue*<\/td><td>https:\/\/schmidt-augenarzt.de<\/td><td>\u771f\u6b63\u7684\u997c\u5e72\u6a2a\u5e45<\/td><td>-<\/td><td>Local Storage<\/td><td>Lokale Zwischenspeicherung (Caching) der Auswahl im Cookie-Banner, bis der Server die Einwilligung dokumentiert; Dokumentation periodisch oder bei Seitenwechseln versucht, wenn der Server nicht verf\u00fcgbar oder \u00fcberlastet ist.<\/td><\/tr><\/tbody><\/table><p>Cookie \u653f\u7b56\u7684\u6700\u540e\u66f4\u65b0\u65e5\u671f\u4e3a {{\u66f4\u65b0\u65e5\u671f}}\u3002.<\/p>","protected":false},"excerpt":{"rendered":"","protected":false},"author":2,"featured_media":0,"parent":0,"menu_order":0,"comment_status":"closed","ping_status":"closed","template":"","meta":{"footnotes":""},"class_list":["post-911","page","type-page","status-publish","hentry"],"_links":{"self":[{"href":"https:\/\/schmidt-augenarzt.de\/zh\/wp-json\/wp\/v2\/pages\/911","targetHints":{"allow":["GET"]}}],"collection":[{"href":"https:\/\/schmidt-augenarzt.de\/zh\/wp-json\/wp\/v2\/pages"}],"about":[{"href":"https:\/\/schmidt-augenarzt.de\/zh\/wp-json\/wp\/v2\/types\/page"}],"author":[{"embeddable":true,"href":"https:\/\/schmidt-augenarzt.de\/zh\/wp-json\/wp\/v2\/users\/2"}],"replies":[{"embeddable":true,"href":"https:\/\/schmidt-augenarzt.de\/zh\/wp-json\/wp\/v2\/comments?post=911"}],"version-history":[{"count":0,"href":"https:\/\/schmidt-augenarzt.de\/zh\/wp-json\/wp\/v2\/pages\/911\/revisions"}],"wp:attachment":[{"href":"https:\/\/schmidt-augenarzt.de\/zh\/wp-json\/wp\/v2\/media?parent=911"}],"curies":[{"name":"wp","href":"https:\/\/api.w.org\/{rel}","templated":true}]}}